{"id":92,"date":"2022-04-07T06:36:15","date_gmt":"2022-04-07T09:36:15","guid":{"rendered":"https:\/\/vipnix.com.br\/site\/?page_id=92"},"modified":"2023-02-10T21:03:39","modified_gmt":"2023-02-11T00:03:39","slug":"database","status":"publish","type":"page","link":"https:\/\/vipnix.com.br\/site\/database\/","title":{"rendered":"VIPNIX Database"},"content":{"rendered":"\n<p>Nossa equipe especializada oferece solu\u00e7\u00f5es completas e personalizadas para garantir a m\u00e1xima disponibilidade, seguran\u00e7a e performance de seus bancos de dados, incluindo:<\/p>\n\n\n\n<ul class=\"wp-block-list\">\n<li>Configura\u00e7\u00e3o otimizada: Realizamos a configura\u00e7\u00e3o de seu banco de dados de acordo com suas necessidades espec\u00edficas, maximizando a performance e garantindo a escalabilidade.<\/li>\n\n\n\n<li>Migra\u00e7\u00e3o eficiente: Ajudamos a migrar seus bancos de dados de uma plataforma para outra de maneira suave e sem interrup\u00e7\u00f5es, garantindo a integridade dos dados durante todo o processo.<\/li>\n\n\n\n<li>Gerenciamento completo: Oferecemos gerenciamento completo de seu banco de dados, incluindo manuten\u00e7\u00e3o preventiva, solu\u00e7\u00e3o de problemas, backups regulares e monitoramento cont\u00ednuo.<\/li>\n\n\n\n<li>Monitoramento proativo: Monitoramos seus bancos de dados 24\/7 para identificar problemas potenciais antes que eles causem interrup\u00e7\u00f5es no sistema, garantindo a m\u00e1xima disponibilidade.<\/li>\n\n\n\n<li>Recupera\u00e7\u00e3o de desastres: Temos solu\u00e7\u00f5es de recupera\u00e7\u00e3o de desastres em caso de falha do sistema ou perda de dados, garantindo a seguran\u00e7a de suas informa\u00e7\u00f5es cr\u00edticas.<\/li>\n\n\n\n<li>An\u00e1lise de performance: Analisamos a performance de seu banco de dados e otimizamos para garantir o melhor desempenho e escalabilidade.<\/li>\n\n\n\n<li>Planejamento de capacidade: Ajudamos a planejar a capacidade de seu banco de dados de acordo com suas necessidades futuras, garantindo a disponibilidade e performance.<\/li>\n<\/ul>\n\n\n\n<p>N\u00f3s acreditamos que oferecer solu\u00e7\u00f5es completas e personalizadas \u00e9 a melhor maneira de atender \u00e0s necessidades \u00fanicas de cada cliente, garantindo a seguran\u00e7a, disponibilidade e performance de seus bancos de dados.<\/p>\n\n\n\n<p><\/p>\n","protected":false},"excerpt":{"rendered":"<p>Nossa equipe especializada oferece solu\u00e7\u00f5es completas e personalizadas para garantir a m\u00e1xima disponibilidade, seguran\u00e7a e performance de seus bancos de dados, incluindo: N\u00f3s acreditamos que oferecer solu\u00e7\u00f5es completas e personalizadas \u00e9 a melhor maneira de atender \u00e0s necessidades \u00fanicas de cada cliente, garantindo a seguran\u00e7a, disponibilidade e performance de seus bancos de dados.<\/p>\n","protected":false},"author":1,"featured_media":0,"parent":0,"menu_order":0,"comment_status":"closed","ping_status":"closed","template":"","meta":{"_monsterinsights_skip_tracking":false,"_monsterinsights_sitenote_active":false,"_monsterinsights_sitenote_note":"","_monsterinsights_sitenote_category":0,"_uf_show_specific_survey":0,"_uf_disable_surveys":false,"footnotes":""},"class_list":["post-92","page","type-page","status-publish","hentry"],"aioseo_notices":[],"_links":{"self":[{"href":"https:\/\/vipnix.com.br\/site\/wp-json\/wp\/v2\/pages\/92","targetHints":{"allow":["GET"]}}],"collection":[{"href":"https:\/\/vipnix.com.br\/site\/wp-json\/wp\/v2\/pages"}],"about":[{"href":"https:\/\/vipnix.com.br\/site\/wp-json\/wp\/v2\/types\/page"}],"author":[{"embeddable":true,"href":"https:\/\/vipnix.com.br\/site\/wp-json\/wp\/v2\/users\/1"}],"replies":[{"embeddable":true,"href":"https:\/\/vipnix.com.br\/site\/wp-json\/wp\/v2\/comments?post=92"}],"version-history":[{"count":2,"href":"https:\/\/vipnix.com.br\/site\/wp-json\/wp\/v2\/pages\/92\/revisions"}],"predecessor-version":[{"id":210,"href":"https:\/\/vipnix.com.br\/site\/wp-json\/wp\/v2\/pages\/92\/revisions\/210"}],"wp:attachment":[{"href":"https:\/\/vipnix.com.br\/site\/wp-json\/wp\/v2\/media?parent=92"}],"curies":[{"name":"wp","href":"https:\/\/api.w.org\/{rel}","templated":true}]}}