{"id":86,"date":"2022-04-07T06:31:04","date_gmt":"2022-04-07T09:31:04","guid":{"rendered":"https:\/\/vipnix.com.br\/site\/?page_id=86"},"modified":"2023-02-12T03:27:48","modified_gmt":"2023-02-12T06:27:48","slug":"vpn","status":"publish","type":"page","link":"https:\/\/vipnix.com.br\/site\/vpn\/","title":{"rendered":"VIPNIX VPN"},"content":{"rendered":"\n<p>Nossa solu\u00e7\u00e3o de VPN oferece uma seguran\u00e7a aprimorada para conex\u00f5es remotas, garantindo a privacidade de suas informa\u00e7\u00f5es e protegendo contra amea\u00e7as de seguran\u00e7a cibern\u00e9tica. Al\u00e9m disso, oferecemos uma ampla variedade de op\u00e7\u00f5es de autentica\u00e7\u00e3o, incluindo a autentica\u00e7\u00e3o baseada em certificado digital, autentica\u00e7\u00e3o baseada em m\u00faltiplos fatores, autentica\u00e7\u00e3o baseada em usu\u00e1rio e senha, autentica\u00e7\u00e3o baseada em aplicativos de autentica\u00e7\u00e3o de c\u00f3digo de tempo, e at\u00e9 mesmo a autentica\u00e7\u00e3o baseada em biometria atrav\u00e9s de biochips implant\u00e1veis. Com essas op\u00e7\u00f5es de autentica\u00e7\u00e3o, voc\u00ea pode ter certeza de que suas informa\u00e7\u00f5es est\u00e3o seguras e protegidas.<\/p>\n\n\n\n<p>Tamb\u00e9m oferecemos funcionalidades avan\u00e7adas para interligar suas matrizes e filiais com seguran\u00e7a e estabilidade. Al\u00e9m disso, oferecemos redund\u00e2ncia de conex\u00e3o via internet, radio ou MPLS, para garantir a continuidade da comunica\u00e7\u00e3o mesmo em caso de falhas. Mantenha sua rede interligada de forma segura e est\u00e1vel, independentemente da dist\u00e2ncia.<\/p>\n\n\n\n<p>Com nossa solu\u00e7\u00e3o, a seguran\u00e7a cibern\u00e9tica da sua empresa tamb\u00e9m \u00e9 refor\u00e7ada, gra\u00e7as a op\u00e7\u00f5es de autentica\u00e7\u00e3o multivariadas, como MFA, usu\u00e1rio + senha, autentica\u00e7\u00e3o via Google Authenticator ou Authy, ou at\u00e9 mesmo autentica\u00e7\u00e3o na VPN usando biochip implant\u00e1vel. Al\u00e9m disso, \u00e9 poss\u00edvel conectar-se a infraestrutura da empresa de forma segura, usando dispositivos m\u00f3veis, como smartphones e notebooks, aumentando a flexibilidade e agilidade dos colaboradores.<\/p>\n\n\n\n<p>E tudo isso, com o mais alto n\u00edvel de seguran\u00e7a, garantido pelo uso obrigat\u00f3rio de certificados digitais em todas as conex\u00f5es VPN. Garanta j\u00e1 a seguran\u00e7a e a conectividade da sua empresa, contratando nossa solu\u00e7\u00e3o VPN.<\/p>\n","protected":false},"excerpt":{"rendered":"<p>Nossa solu\u00e7\u00e3o de VPN oferece uma seguran\u00e7a aprimorada para conex\u00f5es remotas, garantindo a privacidade de suas informa\u00e7\u00f5es e protegendo contra amea\u00e7as de seguran\u00e7a cibern\u00e9tica. Al\u00e9m disso, oferecemos uma ampla variedade de op\u00e7\u00f5es de autentica\u00e7\u00e3o, incluindo a autentica\u00e7\u00e3o baseada em certificado digital, autentica\u00e7\u00e3o baseada em m\u00faltiplos fatores, autentica\u00e7\u00e3o baseada em usu\u00e1rio e senha, autentica\u00e7\u00e3o baseada em [&hellip;]<\/p>\n","protected":false},"author":1,"featured_media":0,"parent":0,"menu_order":0,"comment_status":"closed","ping_status":"closed","template":"","meta":{"_monsterinsights_skip_tracking":false,"_monsterinsights_sitenote_active":false,"_monsterinsights_sitenote_note":"","_monsterinsights_sitenote_category":0,"_uf_show_specific_survey":0,"_uf_disable_surveys":false,"footnotes":""},"class_list":["post-86","page","type-page","status-publish","hentry"],"aioseo_notices":[],"_links":{"self":[{"href":"https:\/\/vipnix.com.br\/site\/wp-json\/wp\/v2\/pages\/86","targetHints":{"allow":["GET"]}}],"collection":[{"href":"https:\/\/vipnix.com.br\/site\/wp-json\/wp\/v2\/pages"}],"about":[{"href":"https:\/\/vipnix.com.br\/site\/wp-json\/wp\/v2\/types\/page"}],"author":[{"embeddable":true,"href":"https:\/\/vipnix.com.br\/site\/wp-json\/wp\/v2\/users\/1"}],"replies":[{"embeddable":true,"href":"https:\/\/vipnix.com.br\/site\/wp-json\/wp\/v2\/comments?post=86"}],"version-history":[{"count":5,"href":"https:\/\/vipnix.com.br\/site\/wp-json\/wp\/v2\/pages\/86\/revisions"}],"predecessor-version":[{"id":255,"href":"https:\/\/vipnix.com.br\/site\/wp-json\/wp\/v2\/pages\/86\/revisions\/255"}],"wp:attachment":[{"href":"https:\/\/vipnix.com.br\/site\/wp-json\/wp\/v2\/media?parent=86"}],"curies":[{"name":"wp","href":"https:\/\/api.w.org\/{rel}","templated":true}]}}