{"id":82,"date":"2022-04-07T06:25:57","date_gmt":"2022-04-07T09:25:57","guid":{"rendered":"https:\/\/vipnix.com.br\/site\/?page_id=82"},"modified":"2023-02-10T20:54:20","modified_gmt":"2023-02-10T23:54:20","slug":"backup","status":"publish","type":"page","link":"https:\/\/vipnix.com.br\/site\/backup\/","title":{"rendered":"VIPNIX BACKUP"},"content":{"rendered":"\n<p>Nossa solu\u00e7\u00e3o de backup inteligente local e em nuvem \u00e9 essencial para proteger suas informa\u00e7\u00f5es cr\u00edticas em situa\u00e7\u00f5es de desastre, incluindo ataques cibern\u00e9ticos, roubo ou furto de equipamentos, inc\u00eandios, inunda\u00e7\u00f5es, riscos de curto-circuito e descarga el\u00e9trica. Com a tecnologia pr\u00f3pria que oferecemos, voc\u00ea tem a tranquilidade de saber que suas informa\u00e7\u00f5es est\u00e3o seguras, independentemente de quais desafios enfrente. Nossa solu\u00e7\u00e3o inclui rotinas de c\u00f3pia Diff\/Full, c\u00f3pia em dispositivos externos, envio de dados remotamente, backup externo do Proxmox, Vmware e outras solu\u00e7\u00f5es de virtualiza\u00e7\u00e3o, c\u00f3pia de seguran\u00e7a completa do servidor de email Zimbra, c\u00f3pia de seguran\u00e7a do SQLServer, Oracle, Mysql, Postgresql, Informix, Sybase, Redis, entre outras solu\u00e7\u00f5es de bancos de dados, e criptografia completa dos dados. Entre em contato conosco hoje para saber mais e come\u00e7ar a proteger suas informa\u00e7\u00f5es importantes.<\/p>\n","protected":false},"excerpt":{"rendered":"<p>Nossa solu\u00e7\u00e3o de backup inteligente local e em nuvem \u00e9 essencial para proteger suas informa\u00e7\u00f5es cr\u00edticas em situa\u00e7\u00f5es de desastre, incluindo ataques cibern\u00e9ticos, roubo ou furto de equipamentos, inc\u00eandios, inunda\u00e7\u00f5es, riscos de curto-circuito e descarga el\u00e9trica. Com a tecnologia pr\u00f3pria que oferecemos, voc\u00ea tem a tranquilidade de saber que suas informa\u00e7\u00f5es est\u00e3o seguras, independentemente de [&hellip;]<\/p>\n","protected":false},"author":1,"featured_media":0,"parent":0,"menu_order":0,"comment_status":"closed","ping_status":"closed","template":"","meta":{"_monsterinsights_skip_tracking":false,"_monsterinsights_sitenote_active":false,"_monsterinsights_sitenote_note":"","_monsterinsights_sitenote_category":0,"_uf_show_specific_survey":0,"_uf_disable_surveys":false,"footnotes":""},"class_list":["post-82","page","type-page","status-publish","hentry"],"aioseo_notices":[],"_links":{"self":[{"href":"https:\/\/vipnix.com.br\/site\/wp-json\/wp\/v2\/pages\/82","targetHints":{"allow":["GET"]}}],"collection":[{"href":"https:\/\/vipnix.com.br\/site\/wp-json\/wp\/v2\/pages"}],"about":[{"href":"https:\/\/vipnix.com.br\/site\/wp-json\/wp\/v2\/types\/page"}],"author":[{"embeddable":true,"href":"https:\/\/vipnix.com.br\/site\/wp-json\/wp\/v2\/users\/1"}],"replies":[{"embeddable":true,"href":"https:\/\/vipnix.com.br\/site\/wp-json\/wp\/v2\/comments?post=82"}],"version-history":[{"count":4,"href":"https:\/\/vipnix.com.br\/site\/wp-json\/wp\/v2\/pages\/82\/revisions"}],"predecessor-version":[{"id":207,"href":"https:\/\/vipnix.com.br\/site\/wp-json\/wp\/v2\/pages\/82\/revisions\/207"}],"wp:attachment":[{"href":"https:\/\/vipnix.com.br\/site\/wp-json\/wp\/v2\/media?parent=82"}],"curies":[{"name":"wp","href":"https:\/\/api.w.org\/{rel}","templated":true}]}}