{"id":75,"date":"2022-04-07T06:08:11","date_gmt":"2022-04-07T09:08:11","guid":{"rendered":"https:\/\/vipnix.com.br\/site\/?page_id=75"},"modified":"2025-02-02T11:46:09","modified_gmt":"2025-02-02T14:46:09","slug":"noip-nixdns","status":"publish","type":"page","link":"https:\/\/vipnix.com.br\/site\/noip-nixdns\/","title":{"rendered":"VIPNIX NOIP-NIXDNS"},"content":{"rendered":"\n<p>A solu\u00e7\u00e3o de DNS din\u00e2mico oferecida pela Vipnix baseada na ferramenta noip.com \u00e9 a escolha perfeita para garantir a estabilidade e disponibilidade dos seus servi\u00e7os online. N\u00f3s entendemos que mudan\u00e7as nos endere\u00e7os IP podem causar interrup\u00e7\u00f5es no funcionamento dos seus servi\u00e7os, e \u00e9 por isso que oferecemos a nossa solu\u00e7\u00e3o de DNS din\u00e2mico para garantir a continuidade dos seus servi\u00e7os.<\/p>\n\n\n\n<p>Al\u00e9m de ser gratuita para clientes que assinam contrato com a Vipnix, nossa solu\u00e7\u00e3o tamb\u00e9m \u00e9 totalmente open source e pode ser encontrada em nosso reposit\u00f3rio no GitHub, tornando-a acess\u00edvel e f\u00e1cil de utilizar para todos. Nossa equipe tamb\u00e9m est\u00e1 sempre dispon\u00edvel para oferecer suporte e ajuda para quem precisar.<\/p>\n\n\n\n<p>N\u00e3o perca mais tempo com problemas de DNS e mantenha seus servi\u00e7os sempre atualizados e dispon\u00edveis. Adote j\u00e1 a solu\u00e7\u00e3o de DNS din\u00e2mico da Vipnix e tenha a tranquilidade de saber que seus servi\u00e7os est\u00e3o sempre seguros e dispon\u00edveis para seus clientes.<\/p>\n","protected":false},"excerpt":{"rendered":"<p>A solu\u00e7\u00e3o de DNS din\u00e2mico oferecida pela Vipnix baseada na ferramenta noip.com \u00e9 a escolha perfeita para garantir a estabilidade e disponibilidade dos seus servi\u00e7os online. N\u00f3s entendemos que mudan\u00e7as nos endere\u00e7os IP podem causar interrup\u00e7\u00f5es no funcionamento dos seus servi\u00e7os, e \u00e9 por isso que oferecemos a nossa solu\u00e7\u00e3o de DNS din\u00e2mico para garantir [&hellip;]<\/p>\n","protected":false},"author":1,"featured_media":0,"parent":0,"menu_order":0,"comment_status":"closed","ping_status":"closed","template":"","meta":{"_monsterinsights_skip_tracking":false,"_monsterinsights_sitenote_active":false,"_monsterinsights_sitenote_note":"","_monsterinsights_sitenote_category":0,"_uf_show_specific_survey":0,"_uf_disable_surveys":false,"footnotes":""},"class_list":["post-75","page","type-page","status-publish","hentry"],"aioseo_notices":[],"_links":{"self":[{"href":"https:\/\/vipnix.com.br\/site\/wp-json\/wp\/v2\/pages\/75","targetHints":{"allow":["GET"]}}],"collection":[{"href":"https:\/\/vipnix.com.br\/site\/wp-json\/wp\/v2\/pages"}],"about":[{"href":"https:\/\/vipnix.com.br\/site\/wp-json\/wp\/v2\/types\/page"}],"author":[{"embeddable":true,"href":"https:\/\/vipnix.com.br\/site\/wp-json\/wp\/v2\/users\/1"}],"replies":[{"embeddable":true,"href":"https:\/\/vipnix.com.br\/site\/wp-json\/wp\/v2\/comments?post=75"}],"version-history":[{"count":4,"href":"https:\/\/vipnix.com.br\/site\/wp-json\/wp\/v2\/pages\/75\/revisions"}],"predecessor-version":[{"id":376,"href":"https:\/\/vipnix.com.br\/site\/wp-json\/wp\/v2\/pages\/75\/revisions\/376"}],"wp:attachment":[{"href":"https:\/\/vipnix.com.br\/site\/wp-json\/wp\/v2\/media?parent=75"}],"curies":[{"name":"wp","href":"https:\/\/api.w.org\/{rel}","templated":true}]}}