{"id":69,"date":"2022-04-07T06:00:05","date_gmt":"2022-04-07T09:00:05","guid":{"rendered":"https:\/\/vipnix.com.br\/site\/?page_id=69"},"modified":"2023-02-10T21:18:18","modified_gmt":"2023-02-11T00:18:18","slug":"mta","status":"publish","type":"page","link":"https:\/\/vipnix.com.br\/site\/mta\/","title":{"rendered":"VIPNIX MTA"},"content":{"rendered":"\n<p>A tecnologia Zimbra, baseada em software livre, \u00e9 uma op\u00e7\u00e3o vi\u00e1vel para quem procura um servidor de email altamente personaliz\u00e1vel e com custo-benef\u00edcio atraente. Al\u00e9m disso, o Zimbra \u00e9 uma op\u00e7\u00e3o robusta e escal\u00e1vel, o que significa que ele pode ser usado tanto em servidores f\u00edsicos quanto em nuvem, de acordo com as necessidades da empresa.<\/p>\n\n\n\n<p>Entre as vantagens de utilizar o Zimbra est\u00e3o a possibilidade de integra\u00e7\u00e3o com outras ferramentas de gerenciamento de correio eletr\u00f4nico, como o Active Directory, al\u00e9m de recursos avan\u00e7ados de seguran\u00e7a, como filtros antispam e antiphishing. Tamb\u00e9m \u00e9 poss\u00edvel personalizar a interface do usu\u00e1rio para atender \u00e0s necessidades espec\u00edficas da empresa, al\u00e9m de contar com suporte da comunidade de desenvolvedores de software livre.<\/p>\n\n\n\n<p>Ao escolher o Zimbra como servidor de email, \u00e9 poss\u00edvel obter uma solu\u00e7\u00e3o est\u00e1vel e confi\u00e1vel, com baixo custo de implanta\u00e7\u00e3o e manuten\u00e7\u00e3o. Al\u00e9m disso, a op\u00e7\u00e3o open source significa que a empresa tem total controle sobre sua infraestrutura de correio eletr\u00f4nico e pode implementar as mudan\u00e7as e personaliza\u00e7\u00f5es que precisar ao longo do tempo.<\/p>\n\n\n\n<p>Em termos de concorrentes, \u00e9 importante destacar outras op\u00e7\u00f5es de servidores de email open source como o Postfix, Dovecot, e Roundcube, al\u00e9m de op\u00e7\u00f5es em nuvem como o Office 365, Zoho, e Gmail Pro. Cada uma dessas op\u00e7\u00f5es tem suas pr\u00f3prias vantagens e desvantagens, e a escolha ideal depende das necessidades e objetivos da empresa. No entanto, \u00e9 importante destacar que o Zimbra se destaca por oferecer uma solu\u00e7\u00e3o altamente personaliz\u00e1vel, escal\u00e1vel e de baixo custo.<\/p>\n","protected":false},"excerpt":{"rendered":"<p>A tecnologia Zimbra, baseada em software livre, \u00e9 uma op\u00e7\u00e3o vi\u00e1vel para quem procura um servidor de email altamente personaliz\u00e1vel e com custo-benef\u00edcio atraente. Al\u00e9m disso, o Zimbra \u00e9 uma op\u00e7\u00e3o robusta e escal\u00e1vel, o que significa que ele pode ser usado tanto em servidores f\u00edsicos quanto em nuvem, de acordo com as necessidades da [&hellip;]<\/p>\n","protected":false},"author":1,"featured_media":0,"parent":0,"menu_order":0,"comment_status":"closed","ping_status":"closed","template":"","meta":{"_monsterinsights_skip_tracking":false,"_monsterinsights_sitenote_active":false,"_monsterinsights_sitenote_note":"","_monsterinsights_sitenote_category":0,"_uf_show_specific_survey":0,"_uf_disable_surveys":false,"footnotes":""},"class_list":["post-69","page","type-page","status-publish","hentry"],"aioseo_notices":[],"_links":{"self":[{"href":"https:\/\/vipnix.com.br\/site\/wp-json\/wp\/v2\/pages\/69","targetHints":{"allow":["GET"]}}],"collection":[{"href":"https:\/\/vipnix.com.br\/site\/wp-json\/wp\/v2\/pages"}],"about":[{"href":"https:\/\/vipnix.com.br\/site\/wp-json\/wp\/v2\/types\/page"}],"author":[{"embeddable":true,"href":"https:\/\/vipnix.com.br\/site\/wp-json\/wp\/v2\/users\/1"}],"replies":[{"embeddable":true,"href":"https:\/\/vipnix.com.br\/site\/wp-json\/wp\/v2\/comments?post=69"}],"version-history":[{"count":2,"href":"https:\/\/vipnix.com.br\/site\/wp-json\/wp\/v2\/pages\/69\/revisions"}],"predecessor-version":[{"id":216,"href":"https:\/\/vipnix.com.br\/site\/wp-json\/wp\/v2\/pages\/69\/revisions\/216"}],"wp:attachment":[{"href":"https:\/\/vipnix.com.br\/site\/wp-json\/wp\/v2\/media?parent=69"}],"curies":[{"name":"wp","href":"https:\/\/api.w.org\/{rel}","templated":true}]}}