{"id":64,"date":"2022-04-07T05:47:28","date_gmt":"2022-04-07T08:47:28","guid":{"rendered":"https:\/\/vipnix.com.br\/site\/?page_id=64"},"modified":"2023-09-18T12:31:36","modified_gmt":"2023-09-18T15:31:36","slug":"atuacao","status":"publish","type":"page","link":"https:\/\/vipnix.com.br\/site\/","title":{"rendered":"Atua\u00e7\u00e3o"},"content":{"rendered":"\n<p>A Vipnix \u00e9 uma empresa l\u00edder no mercado de Infraestrutura de TI, Seguran\u00e7a da Informa\u00e7\u00e3o, Prote\u00e7\u00e3o de Dados e Biotecnologia. Com nossa expertise acumulada desde 2011, n\u00f3s fornecemos solu\u00e7\u00f5es personalizadas para atender \u00e0s demandas \u00fanicas de nossos clientes. Como especialistas em open source, n\u00f3s desenvolvemos produtos inovadores para garantir a disponibilidade 24\/7 de suas opera\u00e7\u00f5es cr\u00edticas.<\/p>\n\n\n\n<p>Al\u00e9m disso, a Vipnix tem como objetivo garantir que seus clientes estejam totalmente de acordo com a Lei Geral de Prote\u00e7\u00e3o de Dados (LGPD). N\u00f3s os orientamos e planejamos atrav\u00e9s de todas as etapas para garantir que seu TI esteja alinhado \u00e0s normas jur\u00eddicas e que tenham um DPO (Data Protection Officer) preparado para lidar com as quest\u00f5es de prote\u00e7\u00e3o de dados. N\u00f3s entendemos a import\u00e2ncia de proteger os dados de sua empresa e estamos comprometidos em ajud\u00e1-los a faz\u00ea-lo de forma eficiente e efetiva. Fornecemos tamb\u00e9m:<\/p>\n\n\n\n<ul class=\"wp-block-list\">\n<li>Servi\u00e7os de DPO (Data Protection Officer)<\/li>\n\n\n\n<li>Adequa\u00e7\u00e3o \u00e0s normas ISO 27001\/27002 (Seguran\u00e7a da Informa\u00e7\u00e3o)<\/li>\n\n\n\n<li>Adequa\u00e7\u00e3o \u00e0 norma ISO 27701 (Prote\u00e7\u00e3o de Dados Pessoais)<\/li>\n\n\n\n<li>Adequa\u00e7\u00e3o \u00e0 norma ISO 9001 (Gest\u00e3o da Qualidade)<\/li>\n\n\n\n<li>Classifica\u00e7\u00e3o segura de informa\u00e7\u00f5es confidenciais<\/li>\n\n\n\n<li>An\u00e1lise de riscos e mitiga\u00e7\u00e3o de amea\u00e7as \u00e0 seguran\u00e7a<\/li>\n\n\n\n<li>Modelagem e otimiza\u00e7\u00e3o de processos empresariais<\/li>\n\n\n\n<li>Implementa\u00e7\u00e3o de pol\u00edticas e procedimentos de trabalho<\/li>\n\n\n\n<li>Gerenciamento eficiente de registros e tarefas<\/li>\n\n\n\n<li>Treinamento e sensibiliza\u00e7\u00e3o de colaboradores<\/li>\n\n\n\n<li>Controle de incidentes de seguran\u00e7a e solu\u00e7\u00e3o de n\u00e3o conformidades.<\/li>\n<\/ul>\n\n\n\n<p><\/p>\n\n\n\n<p>A Vipnix tamb\u00e9m oferece treinamentos, cursos, entrevistas e palestras para empresas e organiza\u00e7\u00f5es em todo o Brasil. Nossa equipe altamente capacitada tem a satisfa\u00e7\u00e3o de compartilhar seus conhecimentos com diversas organiza\u00e7\u00f5es renomadas. N\u00f3s acreditamos na import\u00e2ncia da educa\u00e7\u00e3o cont\u00ednua e estamos comprometidos em fornecer solu\u00e7\u00f5es de treinamento eficazes e acess\u00edveis para nossos clientes. Se voc\u00ea est\u00e1 procurando melhorar as habilidades de sua equipe ou ficar atualizado com as \u00faltimas tend\u00eancias em TI, n\u00f3s temos a solu\u00e7\u00e3o perfeita para voc\u00ea.Nossa equipe j\u00e1 transmitiu conhecimentos a algumas organiza\u00e7\u00f5es, como:<\/p>\n\n\n\n<ul class=\"wp-block-list\">\n<li>TJMG (Tribunal de Justi\u00e7a do Estado de Minas Gerais)<\/li>\n\n\n\n<li>ALMG (Assembleia Legislativa de Minas Gerais)<\/li>\n\n\n\n<li>ADESG-MG (Associa\u00e7\u00e3o dos Diplomados da Escola Superior de Guerra)<\/li>\n\n\n\n<li>FIEMG (Federa\u00e7\u00e3o das Ind\u00fastrias do Estado de Minas)<\/li>\n\n\n\n<li>FETAGE (Feira de Tecnologia Aplicada a Gest\u00e3o Empresarial)&nbsp;<\/li>\n\n\n\n<li>Infotech (Inf\u00f3rium)<\/li>\n\n\n\n<li>Sbseg &#8211; UFMG<\/li>\n\n\n\n<li>F\u00f3rum Esp\u00edrito Livre &#8211; UFES<\/li>\n\n\n\n<li>Faculdade Novos Horizontes<\/li>\n\n\n\n<li>Faculdade Promove<\/li>\n\n\n\n<li>Uni BH<\/li>\n\n\n\n<li>Latinoware<\/li>\n\n\n\n<li>F\u00f3rum Goiano de Software Livre<\/li>\n\n\n\n<li>Campus Party<\/li>\n\n\n\n<li>VIAETICA &#8211; Congresso Integridade<\/li>\n<\/ul>\n\n\n\n<p><\/p>\n\n\n\n<p>A equipe da Vipnix tem o orgulho de ter concedido entrevistas para ve\u00edculos de not\u00edcias renomados, incluindo o Jornal O Tempo, Info Exame (Brasil), Hackaday (EUA), Fant\u00e1stico (TV e internet), Globo (EUA) e Fant\u00e1stico (Brasil), Projeto de Divulga\u00e7\u00e3o Cient\u00edfica da FAPEMIG, SIMI (Sistema Mineiro de Informa\u00e7\u00e3o), Revista Exame, GloboNews Especial e Estad\u00e3o, e Jornal da Band. Esta visibilidade s\u00f3 refor\u00e7a a nossa posi\u00e7\u00e3o como l\u00edderes em Infra Estrutura de TI, Seguran\u00e7a da Informa\u00e7\u00e3o, Prote\u00e7\u00e3o de Dados e Biotecnologia. N\u00f3s valorizamos a transpar\u00eancia e a comunica\u00e7\u00e3o clara com nossos clientes e parceiros e estamos sempre dispostos a compartilhar nossa expertise e conhecimento com a comunidade.<\/p>\n\n\n\n<p>Conhe\u00e7a mais <a href=\"https:\/\/vipnix.com.br\/site\/sobre-a-vipnix\/\" data-type=\"URL\" data-id=\"https:\/\/vipnix.com.br\/site\/sobre-a-vipnix\/\">sobre a Vipnix<\/a><\/p>\n","protected":false},"excerpt":{"rendered":"<p>A Vipnix \u00e9 uma empresa l\u00edder no mercado de Infraestrutura de TI, Seguran\u00e7a da Informa\u00e7\u00e3o, Prote\u00e7\u00e3o de Dados e Biotecnologia. Com nossa expertise acumulada desde 2011, n\u00f3s fornecemos solu\u00e7\u00f5es personalizadas para atender \u00e0s demandas \u00fanicas de nossos clientes. Como especialistas em open source, n\u00f3s desenvolvemos produtos inovadores para garantir a disponibilidade 24\/7 de suas opera\u00e7\u00f5es [&hellip;]<\/p>\n","protected":false},"author":1,"featured_media":0,"parent":0,"menu_order":0,"comment_status":"closed","ping_status":"closed","template":"","meta":{"_monsterinsights_skip_tracking":false,"_monsterinsights_sitenote_active":false,"_monsterinsights_sitenote_note":"","_monsterinsights_sitenote_category":0,"_uf_show_specific_survey":0,"_uf_disable_surveys":false,"footnotes":""},"class_list":["post-64","page","type-page","status-publish","hentry"],"aioseo_notices":[],"_links":{"self":[{"href":"https:\/\/vipnix.com.br\/site\/wp-json\/wp\/v2\/pages\/64","targetHints":{"allow":["GET"]}}],"collection":[{"href":"https:\/\/vipnix.com.br\/site\/wp-json\/wp\/v2\/pages"}],"about":[{"href":"https:\/\/vipnix.com.br\/site\/wp-json\/wp\/v2\/types\/page"}],"author":[{"embeddable":true,"href":"https:\/\/vipnix.com.br\/site\/wp-json\/wp\/v2\/users\/1"}],"replies":[{"embeddable":true,"href":"https:\/\/vipnix.com.br\/site\/wp-json\/wp\/v2\/comments?post=64"}],"version-history":[{"count":22,"href":"https:\/\/vipnix.com.br\/site\/wp-json\/wp\/v2\/pages\/64\/revisions"}],"predecessor-version":[{"id":279,"href":"https:\/\/vipnix.com.br\/site\/wp-json\/wp\/v2\/pages\/64\/revisions\/279"}],"wp:attachment":[{"href":"https:\/\/vipnix.com.br\/site\/wp-json\/wp\/v2\/media?parent=64"}],"curies":[{"name":"wp","href":"https:\/\/api.w.org\/{rel}","templated":true}]}}