{"id":43,"date":"2022-04-07T05:11:31","date_gmt":"2022-04-07T08:11:31","guid":{"rendered":"https:\/\/vipnix.com.br\/site\/?page_id=43"},"modified":"2023-02-10T20:39:03","modified_gmt":"2023-02-10T23:39:03","slug":"lgpd","status":"publish","type":"page","link":"https:\/\/vipnix.com.br\/site\/lgpd\/","title":{"rendered":"LGPD"},"content":{"rendered":"\n<p>Adequa\u00e7\u00e3o LGPD na TI &#8211; Proteja Seus Dados Pessoais com a Vipnix<\/p>\n\n\n\n<p>Nos dias de hoje, a prote\u00e7\u00e3o de dados pessoais \u00e9 uma preocupa\u00e7\u00e3o cada vez maior para as empresas. A Lei Geral de Prote\u00e7\u00e3o de Dados (LGPD) foi criada para garantir que as informa\u00e7\u00f5es dos clientes sejam tratadas com seguran\u00e7a e privacidade.<\/p>\n\n\n\n<p>A Vipnix est\u00e1 aqui para ajud\u00e1-lo a atender \u00e0s exig\u00eancias da LGPD e proteger seus dados pessoais. N\u00f3s oferecemos uma ampla gama de servi\u00e7os, incluindo:<\/p>\n\n\n\n<ul class=\"wp-block-list\">\n<li>DPO as a Service: N\u00f3s fornecemos um DPO dedicado para ajudar sua empresa a atender \u00e0s exig\u00eancias da LGPD.<\/li>\n\n\n\n<li>Adequa\u00e7\u00e3o \u00e0s ISO 27001\/27002 (Seguran\u00e7a da Informa\u00e7\u00e3o): N\u00f3s ajudamos a adequar sua empresa \u00e0s normas internacionais de seguran\u00e7a da informa\u00e7\u00e3o.<\/li>\n\n\n\n<li>Adequa\u00e7\u00e3o \u00e0 ISO 27701<\/li>\n<\/ul>\n","protected":false},"excerpt":{"rendered":"<p>Adequa\u00e7\u00e3o LGPD na TI &#8211; Proteja Seus Dados Pessoais com a Vipnix Nos dias de hoje, a prote\u00e7\u00e3o de dados pessoais \u00e9 uma preocupa\u00e7\u00e3o cada vez maior para as empresas. A Lei Geral de Prote\u00e7\u00e3o de Dados (LGPD) foi criada para garantir que as informa\u00e7\u00f5es dos clientes sejam tratadas com seguran\u00e7a e privacidade. A Vipnix [&hellip;]<\/p>\n","protected":false},"author":1,"featured_media":0,"parent":0,"menu_order":0,"comment_status":"closed","ping_status":"closed","template":"","meta":{"_monsterinsights_skip_tracking":false,"_monsterinsights_sitenote_active":false,"_monsterinsights_sitenote_note":"","_monsterinsights_sitenote_category":0,"_uf_show_specific_survey":0,"_uf_disable_surveys":false,"footnotes":""},"class_list":["post-43","page","type-page","status-publish","hentry"],"aioseo_notices":[],"_links":{"self":[{"href":"https:\/\/vipnix.com.br\/site\/wp-json\/wp\/v2\/pages\/43","targetHints":{"allow":["GET"]}}],"collection":[{"href":"https:\/\/vipnix.com.br\/site\/wp-json\/wp\/v2\/pages"}],"about":[{"href":"https:\/\/vipnix.com.br\/site\/wp-json\/wp\/v2\/types\/page"}],"author":[{"embeddable":true,"href":"https:\/\/vipnix.com.br\/site\/wp-json\/wp\/v2\/users\/1"}],"replies":[{"embeddable":true,"href":"https:\/\/vipnix.com.br\/site\/wp-json\/wp\/v2\/comments?post=43"}],"version-history":[{"count":6,"href":"https:\/\/vipnix.com.br\/site\/wp-json\/wp\/v2\/pages\/43\/revisions"}],"predecessor-version":[{"id":204,"href":"https:\/\/vipnix.com.br\/site\/wp-json\/wp\/v2\/pages\/43\/revisions\/204"}],"wp:attachment":[{"href":"https:\/\/vipnix.com.br\/site\/wp-json\/wp\/v2\/media?parent=43"}],"curies":[{"name":"wp","href":"https:\/\/api.w.org\/{rel}","templated":true}]}}