{"id":39,"date":"2022-04-07T05:05:58","date_gmt":"2022-04-07T08:05:58","guid":{"rendered":"https:\/\/vipnix.com.br\/site\/?page_id=39"},"modified":"2023-02-10T22:31:10","modified_gmt":"2023-02-11T01:31:10","slug":"virtualizacao","status":"publish","type":"page","link":"https:\/\/vipnix.com.br\/site\/virtualizacao\/","title":{"rendered":"Virtualiza\u00e7\u00e3o"},"content":{"rendered":"\n<p>A virtualiza\u00e7\u00e3o de sistemas \u00e9 uma t\u00e9cnica altamente eficaz para obter o m\u00e1ximo aproveitamento do hardware e reduzir o custo total de propriedade. Ela permite que m\u00faltiplos sistemas operacionais e aplicativos sejam executados de forma isolada uns dos outros em uma \u00fanica m\u00e1quina f\u00edsica. Al\u00e9m disso, a virtualiza\u00e7\u00e3o oferece flexibilidade e escalabilidade, permitindo que voc\u00ea gerencie, mova e proteja seus aplicativos e dados de forma mais f\u00e1cil e r\u00e1pida.<\/p>\n\n\n\n<p>Entre as vantagens da virtualiza\u00e7\u00e3o, destacam-se a possibilidade de migra\u00e7\u00e3o de sistemas e aplicativos sem interrup\u00e7\u00e3o, o que \u00e9 especialmente \u00fatil em caso de manuten\u00e7\u00e3o ou atualiza\u00e7\u00e3o de hardware. Al\u00e9m disso, a virtualiza\u00e7\u00e3o pode ser usada para aproveitar hardware obsoleto ou ocioso, economizando tempo e recursos.<\/p>\n\n\n\n<p>Outra grande vantagem da virtualiza\u00e7\u00e3o \u00e9 a facilidade de gerenciamento. Com uma interface intuitiva e recursos avan\u00e7ados, \u00e9 poss\u00edvel monitorar, gerenciar e manter todas as m\u00e1quinas virtuais de forma centralizada, sem a necessidade de interagir com cada m\u00e1quina individualmente.<\/p>\n\n\n\n<p>Nossos t\u00e9cnicos s\u00e3o altamente capacitados e possuem certifica\u00e7\u00f5es reconhecidas pelo mercado, garantindo a implementa\u00e7\u00e3o eficiente e segura da virtualiza\u00e7\u00e3o em sua empresa. N\u00f3s garantimos uma solu\u00e7\u00e3o que atenda \u00e0s suas necessidades e expectativas, maximizando o aproveitamento de seus recursos e minimizando o custo total de propriedade.<\/p>\n","protected":false},"excerpt":{"rendered":"<p>A virtualiza\u00e7\u00e3o de sistemas \u00e9 uma t\u00e9cnica altamente eficaz para obter o m\u00e1ximo aproveitamento do hardware e reduzir o custo total de propriedade. Ela permite que m\u00faltiplos sistemas operacionais e aplicativos sejam executados de forma isolada uns dos outros em uma \u00fanica m\u00e1quina f\u00edsica. Al\u00e9m disso, a virtualiza\u00e7\u00e3o oferece flexibilidade e escalabilidade, permitindo que voc\u00ea [&hellip;]<\/p>\n","protected":false},"author":1,"featured_media":0,"parent":0,"menu_order":0,"comment_status":"closed","ping_status":"closed","template":"","meta":{"_monsterinsights_skip_tracking":false,"_monsterinsights_sitenote_active":false,"_monsterinsights_sitenote_note":"","_monsterinsights_sitenote_category":0,"_uf_show_specific_survey":0,"_uf_disable_surveys":false,"footnotes":""},"class_list":["post-39","page","type-page","status-publish","hentry"],"aioseo_notices":[],"_links":{"self":[{"href":"https:\/\/vipnix.com.br\/site\/wp-json\/wp\/v2\/pages\/39","targetHints":{"allow":["GET"]}}],"collection":[{"href":"https:\/\/vipnix.com.br\/site\/wp-json\/wp\/v2\/pages"}],"about":[{"href":"https:\/\/vipnix.com.br\/site\/wp-json\/wp\/v2\/types\/page"}],"author":[{"embeddable":true,"href":"https:\/\/vipnix.com.br\/site\/wp-json\/wp\/v2\/users\/1"}],"replies":[{"embeddable":true,"href":"https:\/\/vipnix.com.br\/site\/wp-json\/wp\/v2\/comments?post=39"}],"version-history":[{"count":2,"href":"https:\/\/vipnix.com.br\/site\/wp-json\/wp\/v2\/pages\/39\/revisions"}],"predecessor-version":[{"id":235,"href":"https:\/\/vipnix.com.br\/site\/wp-json\/wp\/v2\/pages\/39\/revisions\/235"}],"wp:attachment":[{"href":"https:\/\/vipnix.com.br\/site\/wp-json\/wp\/v2\/media?parent=39"}],"curies":[{"name":"wp","href":"https:\/\/api.w.org\/{rel}","templated":true}]}}