{"id":236,"date":"2023-02-10T22:33:57","date_gmt":"2023-02-11T01:33:57","guid":{"rendered":"https:\/\/vipnix.com.br\/site\/?page_id=236"},"modified":"2023-02-10T22:33:57","modified_gmt":"2023-02-11T01:33:57","slug":"vipnix-bot-inteligente","status":"publish","type":"page","link":"https:\/\/vipnix.com.br\/site\/vipnix-bot-inteligente\/","title":{"rendered":"VIPNIX BOT inteligente"},"content":{"rendered":"\n<p>Se voc\u00ea est\u00e1 procurando por uma solu\u00e7\u00e3o de BOT para o Telegram que integre as capacidades avan\u00e7adas de intelig\u00eancia artificial, a Vipnix tem a solu\u00e7\u00e3o ideal para voc\u00ea. N\u00f3s entregamos solu\u00e7\u00f5es personalizadas de BOT para o Telegram, que s\u00e3o integradas com o poderoso ChatGPT da OpenAI.<\/p>\n\n\n\n<p>Com a nossa solu\u00e7\u00e3o de BOT, voc\u00ea pode aproveitar todas as funcionalidades da API do Telegram, combinadas com o incr\u00edvel potencial de processamento de dados e intelig\u00eancia artificial do OpenAI. Isso significa que seu neg\u00f3cio pode acelerar a intelig\u00eancia e a efici\u00eancia, ajudando a automatizar muitos processos e melhorar a satisfa\u00e7\u00e3o dos seus clientes.<\/p>\n\n\n\n<p>Al\u00e9m disso, n\u00f3s oferecemos a op\u00e7\u00e3o de hospedagem do seu BOT em nossos pr\u00f3prios servidores, garantindo a m\u00e1xima seguran\u00e7a e disponibilidade dos seus dados. Voc\u00ea pode ter a certeza de que sua solu\u00e7\u00e3o de BOT estar\u00e1 sempre dispon\u00edvel, protegida e atualizada, sem precisar se preocupar com quest\u00f5es t\u00e9cnicas ou de seguran\u00e7a.<\/p>\n\n\n\n<p>Investir em uma solu\u00e7\u00e3o de BOT da Vipnix \u00e9 um passo importante para acelerar a intelig\u00eancia do seu neg\u00f3cio e obter uma vantagem competitiva no mercado. Com uma equipe altamente capacitada e experiente, a Vipnix \u00e9 a escolha certa para ajud\u00e1-lo a alcan\u00e7ar seus objetivos de neg\u00f3cio. Entre em contato conosco hoje mesmo e saiba como podemos ajudar a transformar a forma como seu neg\u00f3cio funciona.<\/p>\n","protected":false},"excerpt":{"rendered":"<p>Se voc\u00ea est\u00e1 procurando por uma solu\u00e7\u00e3o de BOT para o Telegram que integre as capacidades avan\u00e7adas de intelig\u00eancia artificial, a Vipnix tem a solu\u00e7\u00e3o ideal para voc\u00ea. N\u00f3s entregamos solu\u00e7\u00f5es personalizadas de BOT para o Telegram, que s\u00e3o integradas com o poderoso ChatGPT da OpenAI. Com a nossa solu\u00e7\u00e3o de BOT, voc\u00ea pode aproveitar [&hellip;]<\/p>\n","protected":false},"author":1,"featured_media":0,"parent":0,"menu_order":0,"comment_status":"closed","ping_status":"closed","template":"","meta":{"_monsterinsights_skip_tracking":false,"_monsterinsights_sitenote_active":false,"_monsterinsights_sitenote_note":"","_monsterinsights_sitenote_category":0,"_uf_show_specific_survey":0,"_uf_disable_surveys":false,"footnotes":""},"class_list":["post-236","page","type-page","status-publish","hentry"],"aioseo_notices":[],"_links":{"self":[{"href":"https:\/\/vipnix.com.br\/site\/wp-json\/wp\/v2\/pages\/236","targetHints":{"allow":["GET"]}}],"collection":[{"href":"https:\/\/vipnix.com.br\/site\/wp-json\/wp\/v2\/pages"}],"about":[{"href":"https:\/\/vipnix.com.br\/site\/wp-json\/wp\/v2\/types\/page"}],"author":[{"embeddable":true,"href":"https:\/\/vipnix.com.br\/site\/wp-json\/wp\/v2\/users\/1"}],"replies":[{"embeddable":true,"href":"https:\/\/vipnix.com.br\/site\/wp-json\/wp\/v2\/comments?post=236"}],"version-history":[{"count":1,"href":"https:\/\/vipnix.com.br\/site\/wp-json\/wp\/v2\/pages\/236\/revisions"}],"predecessor-version":[{"id":237,"href":"https:\/\/vipnix.com.br\/site\/wp-json\/wp\/v2\/pages\/236\/revisions\/237"}],"wp:attachment":[{"href":"https:\/\/vipnix.com.br\/site\/wp-json\/wp\/v2\/media?parent=236"}],"curies":[{"name":"wp","href":"https:\/\/api.w.org\/{rel}","templated":true}]}}