{"id":162,"date":"2022-04-07T07:52:34","date_gmt":"2022-04-07T10:52:34","guid":{"rendered":"https:\/\/vipnix.com.br\/site\/?page_id=162"},"modified":"2023-02-10T21:45:52","modified_gmt":"2023-02-11T00:45:52","slug":"hardening","status":"publish","type":"page","link":"https:\/\/vipnix.com.br\/site\/hardening\/","title":{"rendered":"Hardening de sistema operacional"},"content":{"rendered":"\n<p>Com certeza voc\u00ea j\u00e1 ouviu falar da import\u00e2ncia da seguran\u00e7a da informa\u00e7\u00e3o. E \u00e9 exatamente por isso que oferecemos a nossos clientes uma camada extra de prote\u00e7\u00e3o para as suas informa\u00e7\u00f5es. O processo de &#8220;Hardening&#8221; ajuda a tornar a sua estrutura de TI mais confi\u00e1vel e segura, protegendo-a contra amea\u00e7as internas e externas. Al\u00e9m disso, ao deixar a sua estrutura mais tolerante, voc\u00ea est\u00e1 reduzindo o risco de sofrer interrup\u00e7\u00f5es ou falhas, garantindo assim a continuidade dos seus neg\u00f3cios.<\/p>\n\n\n\n<p>N\u00e3o h\u00e1 nada mais valioso para uma empresa do que suas informa\u00e7\u00f5es confidenciais e sigilosas. Por isso, ao investir em uma solu\u00e7\u00e3o de &#8220;Hardening&#8221;, voc\u00ea est\u00e1 garantindo a integridade e a confidencialidade de suas informa\u00e7\u00f5es, al\u00e9m de aumentar a efici\u00eancia e a performance da sua estrutura de TI.<\/p>\n\n\n\n<p>N\u00e3o perca mais tempo, invista em uma solu\u00e7\u00e3o de &#8220;Hardening&#8221; e torne a sua estrutura de TI mais segura e resistente. Garanta a prote\u00e7\u00e3o de suas informa\u00e7\u00f5es confidenciais e invista no futuro de sua empresa.<\/p>\n","protected":false},"excerpt":{"rendered":"<p>Com certeza voc\u00ea j\u00e1 ouviu falar da import\u00e2ncia da seguran\u00e7a da informa\u00e7\u00e3o. E \u00e9 exatamente por isso que oferecemos a nossos clientes uma camada extra de prote\u00e7\u00e3o para as suas informa\u00e7\u00f5es. O processo de &#8220;Hardening&#8221; ajuda a tornar a sua estrutura de TI mais confi\u00e1vel e segura, protegendo-a contra amea\u00e7as internas e externas. Al\u00e9m disso, [&hellip;]<\/p>\n","protected":false},"author":1,"featured_media":0,"parent":0,"menu_order":0,"comment_status":"closed","ping_status":"closed","template":"","meta":{"_monsterinsights_skip_tracking":false,"_monsterinsights_sitenote_active":false,"_monsterinsights_sitenote_note":"","_monsterinsights_sitenote_category":0,"_uf_show_specific_survey":0,"_uf_disable_surveys":false,"footnotes":""},"class_list":["post-162","page","type-page","status-publish","hentry"],"aioseo_notices":[],"_links":{"self":[{"href":"https:\/\/vipnix.com.br\/site\/wp-json\/wp\/v2\/pages\/162","targetHints":{"allow":["GET"]}}],"collection":[{"href":"https:\/\/vipnix.com.br\/site\/wp-json\/wp\/v2\/pages"}],"about":[{"href":"https:\/\/vipnix.com.br\/site\/wp-json\/wp\/v2\/types\/page"}],"author":[{"embeddable":true,"href":"https:\/\/vipnix.com.br\/site\/wp-json\/wp\/v2\/users\/1"}],"replies":[{"embeddable":true,"href":"https:\/\/vipnix.com.br\/site\/wp-json\/wp\/v2\/comments?post=162"}],"version-history":[{"count":2,"href":"https:\/\/vipnix.com.br\/site\/wp-json\/wp\/v2\/pages\/162\/revisions"}],"predecessor-version":[{"id":228,"href":"https:\/\/vipnix.com.br\/site\/wp-json\/wp\/v2\/pages\/162\/revisions\/228"}],"wp:attachment":[{"href":"https:\/\/vipnix.com.br\/site\/wp-json\/wp\/v2\/media?parent=162"}],"curies":[{"name":"wp","href":"https:\/\/api.w.org\/{rel}","templated":true}]}}