{"id":158,"date":"2022-04-07T07:50:50","date_gmt":"2022-04-07T10:50:50","guid":{"rendered":"https:\/\/vipnix.com.br\/site\/?page_id=158"},"modified":"2023-02-10T21:31:03","modified_gmt":"2023-02-11T00:31:03","slug":"biotecnologia","status":"publish","type":"page","link":"https:\/\/vipnix.com.br\/site\/biotecnologia\/","title":{"rendered":"Biotecnologia para controle de acesso"},"content":{"rendered":"\n<p>A Biotecnologia para Controle de Acesso \u00e9 a solu\u00e7\u00e3o ideal para empresas que buscam inovar e se destacar no mercado. Com a utiliza\u00e7\u00e3o de biochip implant\u00e1vel, \u00e9 poss\u00edvel realizar o controle de acesso de maneira mais eficiente e segura, garantindo a integridade de dados sens\u00edveis.<\/p>\n\n\n\n<p>Al\u00e9m disso, o biochip implant\u00e1vel pode ser utilizado como segundo fator de autentica\u00e7\u00e3o em servi\u00e7os de terceiros, aumentando ainda mais a seguran\u00e7a da informa\u00e7\u00e3o.<\/p>\n\n\n\n<p>N\u00e3o perca mais tempo com solu\u00e7\u00f5es obsoletas e opte pela Biotecnologia para Controle de Acesso, uma op\u00e7\u00e3o inovadora e de alta tecnologia que ir\u00e1 ajudar sua empresa a se destacar no mercado e a melhorar a efici\u00eancia no gerenciamento de dados sens\u00edveis.<\/p>\n\n\n\n<p>Para maiores informa\u00e7\u00f5es sobre o <a href=\"https:\/\/area31.net.br\/wiki\/Biohacking\" data-type=\"URL\" data-id=\"https:\/\/area31.net.br\/wiki\/Biohacking\" target=\"_blank\" rel=\"noreferrer noopener\">Biochip Implant\u00e1vel<\/a><\/p>\n","protected":false},"excerpt":{"rendered":"<p>A Biotecnologia para Controle de Acesso \u00e9 a solu\u00e7\u00e3o ideal para empresas que buscam inovar e se destacar no mercado. Com a utiliza\u00e7\u00e3o de biochip implant\u00e1vel, \u00e9 poss\u00edvel realizar o controle de acesso de maneira mais eficiente e segura, garantindo a integridade de dados sens\u00edveis. Al\u00e9m disso, o biochip implant\u00e1vel pode ser utilizado como segundo [&hellip;]<\/p>\n","protected":false},"author":1,"featured_media":0,"parent":0,"menu_order":0,"comment_status":"closed","ping_status":"closed","template":"","meta":{"_monsterinsights_skip_tracking":false,"_monsterinsights_sitenote_active":false,"_monsterinsights_sitenote_note":"","_monsterinsights_sitenote_category":0,"_uf_show_specific_survey":0,"_uf_disable_surveys":false,"footnotes":""},"class_list":["post-158","page","type-page","status-publish","hentry"],"aioseo_notices":[],"_links":{"self":[{"href":"https:\/\/vipnix.com.br\/site\/wp-json\/wp\/v2\/pages\/158","targetHints":{"allow":["GET"]}}],"collection":[{"href":"https:\/\/vipnix.com.br\/site\/wp-json\/wp\/v2\/pages"}],"about":[{"href":"https:\/\/vipnix.com.br\/site\/wp-json\/wp\/v2\/types\/page"}],"author":[{"embeddable":true,"href":"https:\/\/vipnix.com.br\/site\/wp-json\/wp\/v2\/users\/1"}],"replies":[{"embeddable":true,"href":"https:\/\/vipnix.com.br\/site\/wp-json\/wp\/v2\/comments?post=158"}],"version-history":[{"count":3,"href":"https:\/\/vipnix.com.br\/site\/wp-json\/wp\/v2\/pages\/158\/revisions"}],"predecessor-version":[{"id":222,"href":"https:\/\/vipnix.com.br\/site\/wp-json\/wp\/v2\/pages\/158\/revisions\/222"}],"wp:attachment":[{"href":"https:\/\/vipnix.com.br\/site\/wp-json\/wp\/v2\/media?parent=158"}],"curies":[{"name":"wp","href":"https:\/\/api.w.org\/{rel}","templated":true}]}}