{"id":152,"date":"2022-04-07T07:43:07","date_gmt":"2022-04-07T10:43:07","guid":{"rendered":"https:\/\/vipnix.com.br\/site\/?page_id=152"},"modified":"2023-02-10T21:39:20","modified_gmt":"2023-02-11T00:39:20","slug":"destruicao","status":"publish","type":"page","link":"https:\/\/vipnix.com.br\/site\/destruicao\/","title":{"rendered":"Destrui\u00e7\u00e3o segura de dados"},"content":{"rendered":"\n<p>Se voc\u00ea \u00e9 uma empresa que busca garantir a prote\u00e7\u00e3o e seguran\u00e7a de seus dados sens\u00edveis, a destrui\u00e7\u00e3o segura de dados \u00e9 uma solu\u00e7\u00e3o essencial. \u00c9 importante que sejam tomadas medidas para evitar que dados confidenciais caiam em m\u00e3os erradas, sejam por motivos legais ou por quest\u00f5es de seguran\u00e7a cibern\u00e9tica.<\/p>\n\n\n\n<p>Nosso servi\u00e7o de destrui\u00e7\u00e3o de dados oferece a voc\u00ea as mais avan\u00e7adas tecnologias e pr\u00e1ticas para garantir que seus dados sejam descartados de forma segura e confi\u00e1vel. Seja a n\u00edvel l\u00f3gico ou f\u00edsico, n\u00f3s nos esfor\u00e7amos para garantir que seus dados estejam em boas m\u00e3os durante todo o processo de descarte.<\/p>\n\n\n\n<p>Algumas das funcionalidades que n\u00f3s oferecemos incluem a destrui\u00e7\u00e3o segura de dados a n\u00edvel l\u00f3gico, garantindo que todas as informa\u00e7\u00f5es sens\u00edveis sejam apagadas de maneira permanente. Al\u00e9m disso, n\u00f3s tamb\u00e9m oferecemos a descarte seguro de hardware de armazenamento, garantindo que todos os dados nele contidos sejam destru\u00eddos de maneira irrecuper\u00e1vel.<\/p>\n\n\n\n<p>N\u00e3o corra riscos com a seguran\u00e7a dos seus dados. Confie em nosso servi\u00e7o de destrui\u00e7\u00e3o segura de dados para garantir que sua empresa esteja sempre protegida.<\/p>\n","protected":false},"excerpt":{"rendered":"<p>Se voc\u00ea \u00e9 uma empresa que busca garantir a prote\u00e7\u00e3o e seguran\u00e7a de seus dados sens\u00edveis, a destrui\u00e7\u00e3o segura de dados \u00e9 uma solu\u00e7\u00e3o essencial. \u00c9 importante que sejam tomadas medidas para evitar que dados confidenciais caiam em m\u00e3os erradas, sejam por motivos legais ou por quest\u00f5es de seguran\u00e7a cibern\u00e9tica. Nosso servi\u00e7o de destrui\u00e7\u00e3o de [&hellip;]<\/p>\n","protected":false},"author":1,"featured_media":0,"parent":0,"menu_order":0,"comment_status":"closed","ping_status":"closed","template":"","meta":{"_monsterinsights_skip_tracking":false,"_monsterinsights_sitenote_active":false,"_monsterinsights_sitenote_note":"","_monsterinsights_sitenote_category":0,"_uf_show_specific_survey":0,"_uf_disable_surveys":false,"footnotes":""},"class_list":["post-152","page","type-page","status-publish","hentry"],"aioseo_notices":[],"_links":{"self":[{"href":"https:\/\/vipnix.com.br\/site\/wp-json\/wp\/v2\/pages\/152","targetHints":{"allow":["GET"]}}],"collection":[{"href":"https:\/\/vipnix.com.br\/site\/wp-json\/wp\/v2\/pages"}],"about":[{"href":"https:\/\/vipnix.com.br\/site\/wp-json\/wp\/v2\/types\/page"}],"author":[{"embeddable":true,"href":"https:\/\/vipnix.com.br\/site\/wp-json\/wp\/v2\/users\/1"}],"replies":[{"embeddable":true,"href":"https:\/\/vipnix.com.br\/site\/wp-json\/wp\/v2\/comments?post=152"}],"version-history":[{"count":2,"href":"https:\/\/vipnix.com.br\/site\/wp-json\/wp\/v2\/pages\/152\/revisions"}],"predecessor-version":[{"id":225,"href":"https:\/\/vipnix.com.br\/site\/wp-json\/wp\/v2\/pages\/152\/revisions\/225"}],"wp:attachment":[{"href":"https:\/\/vipnix.com.br\/site\/wp-json\/wp\/v2\/media?parent=152"}],"curies":[{"name":"wp","href":"https:\/\/api.w.org\/{rel}","templated":true}]}}