{"id":146,"date":"2022-04-07T07:39:26","date_gmt":"2022-04-07T10:39:26","guid":{"rendered":"https:\/\/vipnix.com.br\/site\/?page_id=146"},"modified":"2023-02-10T21:41:10","modified_gmt":"2023-02-11T00:41:10","slug":"escalabilidade","status":"publish","type":"page","link":"https:\/\/vipnix.com.br\/site\/escalabilidade\/","title":{"rendered":"Escalabilidade"},"content":{"rendered":"\n<p>Se voc\u00ea \u00e9 uma empresa que precisa de agilidade no gerenciamento de sua capacidade computacional, temos uma solu\u00e7\u00e3o perfeita para voc\u00ea. Com nossos servi\u00e7os de gerenciamento de capacidade computacional redimension\u00e1vel, voc\u00ea ter\u00e1 acesso a uma ampla gama de funcionalidades para garantir o funcionamento ideal de seus sistemas.<\/p>\n\n\n\n<p>A solu\u00e7\u00e3o oferece recursos de escalabilidade el\u00e1stica, permitindo que voc\u00ea ajuste sua capacidade computacional automaticamente de acordo com suas necessidades em tempo real. Al\u00e9m disso, tamb\u00e9m \u00e9 poss\u00edvel provisionar e gerenciar recursos de forma eficiente, maximizando o uso de recursos e minimizando desperd\u00edcios.<\/p>\n\n\n\n<p>Voc\u00ea tamb\u00e9m poder\u00e1 monitorar e garantir a disponibilidade de seus recursos, garantindo que suas aplica\u00e7\u00f5es funcionem sem interrup\u00e7\u00f5es. Al\u00e9m disso, com nossa solu\u00e7\u00e3o, voc\u00ea poder\u00e1 escolher entre diferentes op\u00e7\u00f5es de configura\u00e7\u00e3o para aplicativos e recursos, garantindo a flexibilidade necess\u00e1ria para atender \u00e0s suas necessidades espec\u00edficas.<\/p>\n\n\n\n<p>Com todas essas funcionalidades, voc\u00ea poder\u00e1 garantir que seus sistemas estejam sempre funcionando de maneira otimizada, melhorando a efici\u00eancia e reduzindo custos. N\u00e3o perca mais tempo e invista em um gerenciamento de capacidade computacional redimension\u00e1vel para seu neg\u00f3cio.<\/p>\n","protected":false},"excerpt":{"rendered":"<p>Se voc\u00ea \u00e9 uma empresa que precisa de agilidade no gerenciamento de sua capacidade computacional, temos uma solu\u00e7\u00e3o perfeita para voc\u00ea. Com nossos servi\u00e7os de gerenciamento de capacidade computacional redimension\u00e1vel, voc\u00ea ter\u00e1 acesso a uma ampla gama de funcionalidades para garantir o funcionamento ideal de seus sistemas. A solu\u00e7\u00e3o oferece recursos de escalabilidade el\u00e1stica, permitindo [&hellip;]<\/p>\n","protected":false},"author":1,"featured_media":0,"parent":0,"menu_order":0,"comment_status":"closed","ping_status":"closed","template":"","meta":{"_monsterinsights_skip_tracking":false,"_monsterinsights_sitenote_active":false,"_monsterinsights_sitenote_note":"","_monsterinsights_sitenote_category":0,"_uf_show_specific_survey":0,"_uf_disable_surveys":false,"footnotes":""},"class_list":["post-146","page","type-page","status-publish","hentry"],"aioseo_notices":[],"_links":{"self":[{"href":"https:\/\/vipnix.com.br\/site\/wp-json\/wp\/v2\/pages\/146","targetHints":{"allow":["GET"]}}],"collection":[{"href":"https:\/\/vipnix.com.br\/site\/wp-json\/wp\/v2\/pages"}],"about":[{"href":"https:\/\/vipnix.com.br\/site\/wp-json\/wp\/v2\/types\/page"}],"author":[{"embeddable":true,"href":"https:\/\/vipnix.com.br\/site\/wp-json\/wp\/v2\/users\/1"}],"replies":[{"embeddable":true,"href":"https:\/\/vipnix.com.br\/site\/wp-json\/wp\/v2\/comments?post=146"}],"version-history":[{"count":2,"href":"https:\/\/vipnix.com.br\/site\/wp-json\/wp\/v2\/pages\/146\/revisions"}],"predecessor-version":[{"id":226,"href":"https:\/\/vipnix.com.br\/site\/wp-json\/wp\/v2\/pages\/146\/revisions\/226"}],"wp:attachment":[{"href":"https:\/\/vipnix.com.br\/site\/wp-json\/wp\/v2\/media?parent=146"}],"curies":[{"name":"wp","href":"https:\/\/api.w.org\/{rel}","templated":true}]}}