{"id":143,"date":"2022-04-07T07:37:37","date_gmt":"2022-04-07T10:37:37","guid":{"rendered":"https:\/\/vipnix.com.br\/site\/?page_id=143"},"modified":"2023-02-10T21:43:30","modified_gmt":"2023-02-11T00:43:30","slug":"gerenciamento","status":"publish","type":"page","link":"https:\/\/vipnix.com.br\/site\/gerenciamento\/","title":{"rendered":"Gerenciamento de infraestrutura"},"content":{"rendered":"\n<p>A consultoria em gerenciamento de TI oferece aos clientes uma ampla gama de modelos de ambiente empresarial, o que permite \u00e0 empresa otimizar sua infraestrutura de TI e atender aos requisitos de neg\u00f3cio. Nossos especialistas est\u00e3o capacitados para fornecer solu\u00e7\u00f5es para gerenciamento de sistemas operacionais, incluindo Linux e Windows, assim como cloud computing, banco de dados e ciberseguran\u00e7a. Al\u00e9m disso, tamb\u00e9m temos profundo conhecimento em modelos de gerenciamento de TI como ITIL e COBIT.<\/p>\n\n\n\n<p>Nossa equipe de consultores de TI trabalha em estreita colabora\u00e7\u00e3o com o cliente para compreender suas necessidades e desafios \u00fanicos, a fim de propor solu\u00e7\u00f5es personalizadas para maximizar a efici\u00eancia e a seguran\u00e7a da infraestrutura de TI. N\u00f3s nos concentramos em garantir a disponibilidade constante dos sistemas, melhorando a qualidade de servi\u00e7o e reduzindo o custo total de opera\u00e7\u00e3o.<\/p>\n\n\n\n<p>Al\u00e9m disso, nossos especialistas em gerenciamento de TI s\u00e3o altamente qualificados e experientes na gest\u00e3o de equipes t\u00e9cnicas, garantindo uma equipe altamente capacitada e responsiva para atender \u00e0s suas necessidades.<\/p>\n\n\n\n<p>N\u00e3o importa qual seja o seu tamanho ou setor de atua\u00e7\u00e3o, a consultoria de gerenciamento de TI da Vipnix pode ajud\u00e1-lo a alcan\u00e7ar seus objetivos de TI e a maximizar o valor do seu investimento em TI.<\/p>\n","protected":false},"excerpt":{"rendered":"<p>A consultoria em gerenciamento de TI oferece aos clientes uma ampla gama de modelos de ambiente empresarial, o que permite \u00e0 empresa otimizar sua infraestrutura de TI e atender aos requisitos de neg\u00f3cio. Nossos especialistas est\u00e3o capacitados para fornecer solu\u00e7\u00f5es para gerenciamento de sistemas operacionais, incluindo Linux e Windows, assim como cloud computing, banco de [&hellip;]<\/p>\n","protected":false},"author":1,"featured_media":0,"parent":0,"menu_order":0,"comment_status":"closed","ping_status":"closed","template":"","meta":{"_monsterinsights_skip_tracking":false,"_monsterinsights_sitenote_active":false,"_monsterinsights_sitenote_note":"","_monsterinsights_sitenote_category":0,"_uf_show_specific_survey":0,"_uf_disable_surveys":false,"footnotes":""},"class_list":["post-143","page","type-page","status-publish","hentry"],"aioseo_notices":[],"_links":{"self":[{"href":"https:\/\/vipnix.com.br\/site\/wp-json\/wp\/v2\/pages\/143","targetHints":{"allow":["GET"]}}],"collection":[{"href":"https:\/\/vipnix.com.br\/site\/wp-json\/wp\/v2\/pages"}],"about":[{"href":"https:\/\/vipnix.com.br\/site\/wp-json\/wp\/v2\/types\/page"}],"author":[{"embeddable":true,"href":"https:\/\/vipnix.com.br\/site\/wp-json\/wp\/v2\/users\/1"}],"replies":[{"embeddable":true,"href":"https:\/\/vipnix.com.br\/site\/wp-json\/wp\/v2\/comments?post=143"}],"version-history":[{"count":2,"href":"https:\/\/vipnix.com.br\/site\/wp-json\/wp\/v2\/pages\/143\/revisions"}],"predecessor-version":[{"id":227,"href":"https:\/\/vipnix.com.br\/site\/wp-json\/wp\/v2\/pages\/143\/revisions\/227"}],"wp:attachment":[{"href":"https:\/\/vipnix.com.br\/site\/wp-json\/wp\/v2\/media?parent=143"}],"curies":[{"name":"wp","href":"https:\/\/api.w.org\/{rel}","templated":true}]}}