{"id":140,"date":"2022-04-07T07:34:21","date_gmt":"2022-04-07T10:34:21","guid":{"rendered":"https:\/\/vipnix.com.br\/site\/?page_id=140"},"modified":"2023-02-10T22:17:28","modified_gmt":"2023-02-11T01:17:28","slug":"levantamento","status":"publish","type":"page","link":"https:\/\/vipnix.com.br\/site\/levantamento\/","title":{"rendered":"Levantamento de infra"},"content":{"rendered":"\n<p>Gostar\u00edamos de oferecer nossa solu\u00e7\u00e3o de levantamento de infraestrutura, que abrange uma an\u00e1lise minuciosa da sua rede atual. Este processo inclui a documenta\u00e7\u00e3o completa, um invent\u00e1rio completo dos ativos da rede e o levantamento da configura\u00e7\u00e3o atual do hardware.<\/p>\n\n\n\n<p>Com essas informa\u00e7\u00f5es, poderemos identificar pontos fracos na infraestrutura e propor solu\u00e7\u00f5es para melhorar a efici\u00eancia, seguran\u00e7a e desempenho da sua rede. Al\u00e9m disso, a documenta\u00e7\u00e3o e o invent\u00e1rio atualizados ser\u00e3o valiosos para futuras atualiza\u00e7\u00f5es ou expans\u00f5es.<\/p>\n\n\n\n<p>N\u00e3o perca mais tempo e aproveite a oportunidade de otimizar sua infraestrutura com nossa solu\u00e7\u00e3o de levantamento. Entre em contato conosco para saber mais e marcar uma avalia\u00e7\u00e3o.<\/p>\n","protected":false},"excerpt":{"rendered":"<p>Gostar\u00edamos de oferecer nossa solu\u00e7\u00e3o de levantamento de infraestrutura, que abrange uma an\u00e1lise minuciosa da sua rede atual. Este processo inclui a documenta\u00e7\u00e3o completa, um invent\u00e1rio completo dos ativos da rede e o levantamento da configura\u00e7\u00e3o atual do hardware. Com essas informa\u00e7\u00f5es, poderemos identificar pontos fracos na infraestrutura e propor solu\u00e7\u00f5es para melhorar a efici\u00eancia, [&hellip;]<\/p>\n","protected":false},"author":1,"featured_media":0,"parent":0,"menu_order":0,"comment_status":"closed","ping_status":"closed","template":"","meta":{"_monsterinsights_skip_tracking":false,"_monsterinsights_sitenote_active":false,"_monsterinsights_sitenote_note":"","_monsterinsights_sitenote_category":0,"_uf_show_specific_survey":0,"_uf_disable_surveys":false,"footnotes":""},"class_list":["post-140","page","type-page","status-publish","hentry"],"aioseo_notices":[],"_links":{"self":[{"href":"https:\/\/vipnix.com.br\/site\/wp-json\/wp\/v2\/pages\/140","targetHints":{"allow":["GET"]}}],"collection":[{"href":"https:\/\/vipnix.com.br\/site\/wp-json\/wp\/v2\/pages"}],"about":[{"href":"https:\/\/vipnix.com.br\/site\/wp-json\/wp\/v2\/types\/page"}],"author":[{"embeddable":true,"href":"https:\/\/vipnix.com.br\/site\/wp-json\/wp\/v2\/users\/1"}],"replies":[{"embeddable":true,"href":"https:\/\/vipnix.com.br\/site\/wp-json\/wp\/v2\/comments?post=140"}],"version-history":[{"count":2,"href":"https:\/\/vipnix.com.br\/site\/wp-json\/wp\/v2\/pages\/140\/revisions"}],"predecessor-version":[{"id":230,"href":"https:\/\/vipnix.com.br\/site\/wp-json\/wp\/v2\/pages\/140\/revisions\/230"}],"wp:attachment":[{"href":"https:\/\/vipnix.com.br\/site\/wp-json\/wp\/v2\/media?parent=140"}],"curies":[{"name":"wp","href":"https:\/\/api.w.org\/{rel}","templated":true}]}}