{"id":14,"date":"2022-04-07T04:18:47","date_gmt":"2022-04-07T07:18:47","guid":{"rendered":"https:\/\/vipnix.com.br\/site\/?page_id=14"},"modified":"2023-02-10T21:10:36","modified_gmt":"2023-02-11T00:10:36","slug":"gateway-nuvem","status":"publish","type":"page","link":"https:\/\/vipnix.com.br\/site\/gateway-nuvem\/","title":{"rendered":"VIPNIX GATEWAY NUVEM"},"content":{"rendered":"\n<p>Nossa solu\u00e7\u00e3o de gerenciamento de acesso de nuvem oferece uma abordagem abrangente para proteger e garantir a seguran\u00e7a dos servidores em nuvem. Com suporte aos principais provedores de nuvem, incluindo AWS, Google Cloud Plataform, Oracle Cloud Infrastructure e outros, nossa solu\u00e7\u00e3o \u00e9 projetada para atender \u00e0s demandas de alta disponibilidade e seguran\u00e7a dos seus servidores.<\/p>\n\n\n\n<p>Com nosso software, voc\u00ea pode monitorar e controlar o acesso aos seus servidores em nuvem, incluindo o bloqueio ou autoriza\u00e7\u00e3o de endere\u00e7os IP, autentica\u00e7\u00e3o de usu\u00e1rios por meio de autentica\u00e7\u00e3o de dois fatores (MFA) e criptografia de dados para proteger as informa\u00e7\u00f5es confidenciais. Al\u00e9m disso, nossa solu\u00e7\u00e3o oferece a capacidade de gerenciar o uso de recursos, como largura de banda, CPU e armazenamento, para garantir que os seus servidores funcionem de maneira eficiente e est\u00e1vel.<\/p>\n\n\n\n<p>Nossa solu\u00e7\u00e3o \u00e9 f\u00e1cil de usar, escal\u00e1vel e personaliz\u00e1vel para atender \u00e0s suas necessidades espec\u00edficas. Com pre\u00e7os competitivos e suporte t\u00e9cnico 24\/7, voc\u00ea pode ter a tranquilidade de saber que os seus servidores est\u00e3o protegidos e dispon\u00edveis sempre que precisar. Se voc\u00ea procura uma solu\u00e7\u00e3o confi\u00e1vel para gerenciar o acesso aos seus servidores em nuvem, escolha nossa solu\u00e7\u00e3o de gerenciamento de acesso de nuvem.<\/p>\n","protected":false},"excerpt":{"rendered":"<p>Nossa solu\u00e7\u00e3o de gerenciamento de acesso de nuvem oferece uma abordagem abrangente para proteger e garantir a seguran\u00e7a dos servidores em nuvem. Com suporte aos principais provedores de nuvem, incluindo AWS, Google Cloud Plataform, Oracle Cloud Infrastructure e outros, nossa solu\u00e7\u00e3o \u00e9 projetada para atender \u00e0s demandas de alta disponibilidade e seguran\u00e7a dos seus servidores. [&hellip;]<\/p>\n","protected":false},"author":1,"featured_media":0,"parent":0,"menu_order":0,"comment_status":"closed","ping_status":"closed","template":"","meta":{"_monsterinsights_skip_tracking":false,"_monsterinsights_sitenote_active":false,"_monsterinsights_sitenote_note":"","_monsterinsights_sitenote_category":0,"_uf_show_specific_survey":0,"_uf_disable_surveys":false,"footnotes":""},"class_list":["post-14","page","type-page","status-publish","hentry"],"aioseo_notices":[],"_links":{"self":[{"href":"https:\/\/vipnix.com.br\/site\/wp-json\/wp\/v2\/pages\/14","targetHints":{"allow":["GET"]}}],"collection":[{"href":"https:\/\/vipnix.com.br\/site\/wp-json\/wp\/v2\/pages"}],"about":[{"href":"https:\/\/vipnix.com.br\/site\/wp-json\/wp\/v2\/types\/page"}],"author":[{"embeddable":true,"href":"https:\/\/vipnix.com.br\/site\/wp-json\/wp\/v2\/users\/1"}],"replies":[{"embeddable":true,"href":"https:\/\/vipnix.com.br\/site\/wp-json\/wp\/v2\/comments?post=14"}],"version-history":[{"count":2,"href":"https:\/\/vipnix.com.br\/site\/wp-json\/wp\/v2\/pages\/14\/revisions"}],"predecessor-version":[{"id":213,"href":"https:\/\/vipnix.com.br\/site\/wp-json\/wp\/v2\/pages\/14\/revisions\/213"}],"wp:attachment":[{"href":"https:\/\/vipnix.com.br\/site\/wp-json\/wp\/v2\/media?parent=14"}],"curies":[{"name":"wp","href":"https:\/\/api.w.org\/{rel}","templated":true}]}}