{"id":133,"date":"2022-04-07T07:27:34","date_gmt":"2022-04-07T10:27:34","guid":{"rendered":"https:\/\/vipnix.com.br\/site\/?page_id=133"},"modified":"2023-02-10T21:33:26","modified_gmt":"2023-02-11T00:33:26","slug":"clusters","status":"publish","type":"page","link":"https:\/\/vipnix.com.br\/site\/clusters\/","title":{"rendered":"Clusters de alta disponibilidade e redund\u00e2ncia"},"content":{"rendered":"\n<p>Os clusters de alta disponibilidade e redund\u00e2ncia s\u00e3o a solu\u00e7\u00e3o ideal para empresas que desejam garantir a continuidade de seus servi\u00e7os e sistemas, mesmo em casos de falhas ou indisponibilidades. Com a configura\u00e7\u00e3o correta de um cluster, \u00e9 poss\u00edvel ter uma infraestrutura altamente dispon\u00edvel e confi\u00e1vel, garantindo a estabilidade dos servi\u00e7os oferecidos.<\/p>\n\n\n\n<p>As funcionalidades dos clusters incluem o gerenciamento automatizado da failover, permitindo a transfer\u00eancia imediata de servi\u00e7os para outro n\u00f3 em caso de falhas, e a distribui\u00e7\u00e3o de carga de trabalho entre os n\u00f3s do cluster, otimizando a utiliza\u00e7\u00e3o dos recursos e aumentando a disponibilidade dos servi\u00e7os. Al\u00e9m disso, o uso de clusters permite a realiza\u00e7\u00e3o de atualiza\u00e7\u00f5es sem interrup\u00e7\u00e3o, garantindo a continuidade dos servi\u00e7os mesmo durante a manuten\u00e7\u00e3o.<\/p>\n\n\n\n<p>Outra vantagem \u00e9 a possibilidade de escalabilidade, permitindo adicionar mais n\u00f3s ao cluster conforme a demanda dos servi\u00e7os cresce, sem prejudicar a disponibilidade e a estabilidade da infraestrutura.<\/p>\n\n\n\n<p>Investir em clusters de alta disponibilidade e redund\u00e2ncia \u00e9 investir na estabilidade, na seguran\u00e7a e na continuidade dos servi\u00e7os oferecidos pela sua empresa. Al\u00e9m disso, ao optar por um servi\u00e7o de configura\u00e7\u00e3o profissional, voc\u00ea ter\u00e1 a certeza de que sua infraestrutura ser\u00e1 configurada de acordo com as melhores pr\u00e1ticas e as normas de seguran\u00e7a, garantindo a m\u00e1xima efici\u00eancia e confiabilidade.<\/p>\n\n\n\n<p>N\u00e3o perca mais tempo com problemas de disponibilidade e contrate agora o nosso servi\u00e7o de configura\u00e7\u00e3o de Clusters De Alta Disponibilidade e Redund\u00e2ncia!<\/p>\n","protected":false},"excerpt":{"rendered":"<p>Os clusters de alta disponibilidade e redund\u00e2ncia s\u00e3o a solu\u00e7\u00e3o ideal para empresas que desejam garantir a continuidade de seus servi\u00e7os e sistemas, mesmo em casos de falhas ou indisponibilidades. Com a configura\u00e7\u00e3o correta de um cluster, \u00e9 poss\u00edvel ter uma infraestrutura altamente dispon\u00edvel e confi\u00e1vel, garantindo a estabilidade dos servi\u00e7os oferecidos. As funcionalidades dos [&hellip;]<\/p>\n","protected":false},"author":1,"featured_media":0,"parent":0,"menu_order":0,"comment_status":"closed","ping_status":"closed","template":"","meta":{"_monsterinsights_skip_tracking":false,"_monsterinsights_sitenote_active":false,"_monsterinsights_sitenote_note":"","_monsterinsights_sitenote_category":0,"_uf_show_specific_survey":0,"_uf_disable_surveys":false,"footnotes":""},"class_list":["post-133","page","type-page","status-publish","hentry"],"aioseo_notices":[],"_links":{"self":[{"href":"https:\/\/vipnix.com.br\/site\/wp-json\/wp\/v2\/pages\/133","targetHints":{"allow":["GET"]}}],"collection":[{"href":"https:\/\/vipnix.com.br\/site\/wp-json\/wp\/v2\/pages"}],"about":[{"href":"https:\/\/vipnix.com.br\/site\/wp-json\/wp\/v2\/types\/page"}],"author":[{"embeddable":true,"href":"https:\/\/vipnix.com.br\/site\/wp-json\/wp\/v2\/users\/1"}],"replies":[{"embeddable":true,"href":"https:\/\/vipnix.com.br\/site\/wp-json\/wp\/v2\/comments?post=133"}],"version-history":[{"count":2,"href":"https:\/\/vipnix.com.br\/site\/wp-json\/wp\/v2\/pages\/133\/revisions"}],"predecessor-version":[{"id":223,"href":"https:\/\/vipnix.com.br\/site\/wp-json\/wp\/v2\/pages\/133\/revisions\/223"}],"wp:attachment":[{"href":"https:\/\/vipnix.com.br\/site\/wp-json\/wp\/v2\/media?parent=133"}],"curies":[{"name":"wp","href":"https:\/\/api.w.org\/{rel}","templated":true}]}}