{"id":130,"date":"2022-04-07T07:25:24","date_gmt":"2022-04-07T10:25:24","guid":{"rendered":"https:\/\/vipnix.com.br\/site\/?page_id=130"},"modified":"2023-02-10T22:16:03","modified_gmt":"2023-02-11T01:16:03","slug":"interligacao","status":"publish","type":"page","link":"https:\/\/vipnix.com.br\/site\/interligacao\/","title":{"rendered":"Interliga\u00e7\u00e3o de matriz e filiais"},"content":{"rendered":"\n<p>Com a interliga\u00e7\u00e3o, voc\u00ea poder\u00e1 aproveitar vantagens de ter uma comunica\u00e7\u00e3o r\u00e1pida, segura e eficiente. A conex\u00e3o por Internet garante acesso \u00e0 informa\u00e7\u00e3o em tempo real, enquanto o R\u00e1dio fornece cobertura ampla e a op\u00e7\u00e3o de MPLS oferece uma conex\u00e3o dedicada e priorizada para suas necessidades cr\u00edticas de neg\u00f3cios.<\/p>\n\n\n\n<p>Al\u00e9m disso, interligar suas unidades permitir\u00e1 compartilhar informa\u00e7\u00f5es importantes e manter uma comunica\u00e7\u00e3o constante, o que pode ser fundamental para o sucesso da empresa. A colabora\u00e7\u00e3o e integra\u00e7\u00e3o, por meio de uma comunica\u00e7\u00e3o eficiente, pode levar a uma melhoria no fluxo de trabalho, otimiza\u00e7\u00e3o de recursos e aumento na efici\u00eancia e lucro.<\/p>\n\n\n\n<p>Voc\u00ea poder\u00e1 contar com a seguran\u00e7a e confiabilidade de nossa solu\u00e7\u00e3o, que utiliza tecnologias avan\u00e7adas e conta com suporte t\u00e9cnico 24 horas, garantindo continuidade dos neg\u00f3cios e prote\u00e7\u00e3o de informa\u00e7\u00f5es sens\u00edveis.<\/p>\n\n\n\n<p>Em resumo, interligar suas matrizes e filiais com nossa solu\u00e7\u00e3o traz vantagens para a empresa, aumentando efici\u00eancia, agilidade e seguran\u00e7a na comunica\u00e7\u00e3o entre as unidades. N\u00e3o perca mais tempo e entre em contato conosco para saber como podemos ajudar.<\/p>\n","protected":false},"excerpt":{"rendered":"<p>Com a interliga\u00e7\u00e3o, voc\u00ea poder\u00e1 aproveitar vantagens de ter uma comunica\u00e7\u00e3o r\u00e1pida, segura e eficiente. A conex\u00e3o por Internet garante acesso \u00e0 informa\u00e7\u00e3o em tempo real, enquanto o R\u00e1dio fornece cobertura ampla e a op\u00e7\u00e3o de MPLS oferece uma conex\u00e3o dedicada e priorizada para suas necessidades cr\u00edticas de neg\u00f3cios. Al\u00e9m disso, interligar suas unidades permitir\u00e1 [&hellip;]<\/p>\n","protected":false},"author":1,"featured_media":0,"parent":0,"menu_order":0,"comment_status":"closed","ping_status":"closed","template":"","meta":{"_monsterinsights_skip_tracking":false,"_monsterinsights_sitenote_active":false,"_monsterinsights_sitenote_note":"","_monsterinsights_sitenote_category":0,"_uf_show_specific_survey":0,"_uf_disable_surveys":false,"footnotes":""},"class_list":["post-130","page","type-page","status-publish","hentry"],"aioseo_notices":[],"_links":{"self":[{"href":"https:\/\/vipnix.com.br\/site\/wp-json\/wp\/v2\/pages\/130","targetHints":{"allow":["GET"]}}],"collection":[{"href":"https:\/\/vipnix.com.br\/site\/wp-json\/wp\/v2\/pages"}],"about":[{"href":"https:\/\/vipnix.com.br\/site\/wp-json\/wp\/v2\/types\/page"}],"author":[{"embeddable":true,"href":"https:\/\/vipnix.com.br\/site\/wp-json\/wp\/v2\/users\/1"}],"replies":[{"embeddable":true,"href":"https:\/\/vipnix.com.br\/site\/wp-json\/wp\/v2\/comments?post=130"}],"version-history":[{"count":2,"href":"https:\/\/vipnix.com.br\/site\/wp-json\/wp\/v2\/pages\/130\/revisions"}],"predecessor-version":[{"id":229,"href":"https:\/\/vipnix.com.br\/site\/wp-json\/wp\/v2\/pages\/130\/revisions\/229"}],"wp:attachment":[{"href":"https:\/\/vipnix.com.br\/site\/wp-json\/wp\/v2\/media?parent=130"}],"curies":[{"name":"wp","href":"https:\/\/api.w.org\/{rel}","templated":true}]}}