{"id":126,"date":"2022-04-07T07:20:19","date_gmt":"2022-04-07T10:20:19","guid":{"rendered":"https:\/\/vipnix.com.br\/site\/?page_id=126"},"modified":"2023-02-10T20:48:38","modified_gmt":"2023-02-10T23:48:38","slug":"cursos","status":"publish","type":"page","link":"https:\/\/vipnix.com.br\/site\/cursos\/","title":{"rendered":"Treinamentos e cursos"},"content":{"rendered":"\n<p>Nossa equipe de especialistas em treinamento e conscientiza\u00e7\u00e3o oferece solu\u00e7\u00f5es customizadas para sua empresa ou organiza\u00e7\u00e3o. Temos ampla experi\u00eancia em ministrar treinamentos, cursos, entrevistas e palestras sobre seguran\u00e7a da informa\u00e7\u00e3o, privacidade de dados, gest\u00e3o de riscos, ISO, LGPD e outros temas relacionados.<\/p>\n\n\n\n<p>Nossos treinamentos s\u00e3o interativos, din\u00e2micos e adaptados \u00e0s necessidades de cada cliente, oferecendo uma abordagem pr\u00e1tica e aplic\u00e1vel aos desafios do dia a dia. Al\u00e9m disso, nos orgulhamos de ter uma equipe altamente capacitada e reconhecida por renomadas institui\u00e7\u00f5es e ve\u00edculos de not\u00edcias.<\/p>\n\n\n\n<p>N\u00f3s nos esfor\u00e7amos para garantir que nossos treinamentos e palestras sejam uma experi\u00eancia enriquecedora e \u00fanica para todos os participantes, e nosso objetivo \u00e9 ajud\u00e1-los a tomar decis\u00f5es informadas e aplicar as melhores pr\u00e1ticas em suas empresas ou organiza\u00e7\u00f5es. Entre em contato conosco para saber mais sobre nossos servi\u00e7os de treinamento e como podemos ajud\u00e1-lo a atingir seus objetivos.<\/p>\n\n\n\n<p>Nossa equipe j\u00e1 transmitiu conhecimentos a algumas organiza\u00e7\u00f5es renomadas:<\/p>\n\n\n\n<ul class=\"wp-block-list\">\n<li>TJMG (Tribunal de Justi\u00e7a do Estado de Minas Gerais)<\/li>\n\n\n\n<li>ALMG (Assembleia Legislativa de Minas Gerais)<\/li>\n\n\n\n<li>ADESG-MG (Associa\u00e7\u00e3o dos Diplomados da Escola Superior de Guerra)<\/li>\n\n\n\n<li>FIEMG (Federa\u00e7\u00e3o das Ind\u00fastrias do Estado de Minas)<\/li>\n\n\n\n<li>FETAGE (Feira de Tecnologia Aplicada a Gest\u00e3o Empresarial)&nbsp;<\/li>\n\n\n\n<li>Infotech (Inf\u00f3rium)<\/li>\n\n\n\n<li>Sbseg &#8211; UFMG<\/li>\n\n\n\n<li>F\u00f3rum Esp\u00edrito Livre &#8211; UFES<\/li>\n\n\n\n<li>Faculdade Novos Horizontes<\/li>\n\n\n\n<li>Faculdade Promove<\/li>\n\n\n\n<li>Uni BH<\/li>\n\n\n\n<li>Latinoware<\/li>\n\n\n\n<li>F\u00f3rum Goiano de Software Livre<\/li>\n\n\n\n<li>Campus Party<\/li>\n\n\n\n<li>VIAETICA &#8211; Congresso Integridade<\/li>\n<\/ul>\n\n\n\n<p><\/p>\n\n\n\n<p>Nossa equipe tamb\u00e9m j\u00e1 concedeu entrevista para alguns ve\u00edculos de not\u00edcias conhecidos:<\/p>\n\n\n\n<ul class=\"wp-block-list\">\n<li>Jornal O Tempo<\/li>\n\n\n\n<li>Info Exame (Brasil)<\/li>\n\n\n\n<li>Hackaday (EUA)<\/li>\n\n\n\n<li>Fant\u00e1stico (TV e internet), Globo (EUA) e Fant\u00e1stico (Brasil)<\/li>\n\n\n\n<li>Projeto de divulga\u00e7\u00e3o cient\u00edfica da FAPEMIG<\/li>\n\n\n\n<li>SIMI (Sistema Mineiro de Informa\u00e7\u00e3o)<\/li>\n\n\n\n<li>Revista Exame<\/li>\n\n\n\n<li>GloboNews Especial<\/li>\n\n\n\n<li>Estad\u00e3o<\/li>\n\n\n\n<li>Jornal da Band<\/li>\n<\/ul>\n","protected":false},"excerpt":{"rendered":"<p>Nossa equipe de especialistas em treinamento e conscientiza\u00e7\u00e3o oferece solu\u00e7\u00f5es customizadas para sua empresa ou organiza\u00e7\u00e3o. Temos ampla experi\u00eancia em ministrar treinamentos, cursos, entrevistas e palestras sobre seguran\u00e7a da informa\u00e7\u00e3o, privacidade de dados, gest\u00e3o de riscos, ISO, LGPD e outros temas relacionados. Nossos treinamentos s\u00e3o interativos, din\u00e2micos e adaptados \u00e0s necessidades de cada cliente, oferecendo [&hellip;]<\/p>\n","protected":false},"author":1,"featured_media":0,"parent":0,"menu_order":0,"comment_status":"closed","ping_status":"closed","template":"","meta":{"_monsterinsights_skip_tracking":false,"_monsterinsights_sitenote_active":false,"_monsterinsights_sitenote_note":"","_monsterinsights_sitenote_category":0,"_uf_show_specific_survey":0,"_uf_disable_surveys":false,"footnotes":""},"class_list":["post-126","page","type-page","status-publish","hentry"],"aioseo_notices":[],"_links":{"self":[{"href":"https:\/\/vipnix.com.br\/site\/wp-json\/wp\/v2\/pages\/126","targetHints":{"allow":["GET"]}}],"collection":[{"href":"https:\/\/vipnix.com.br\/site\/wp-json\/wp\/v2\/pages"}],"about":[{"href":"https:\/\/vipnix.com.br\/site\/wp-json\/wp\/v2\/types\/page"}],"author":[{"embeddable":true,"href":"https:\/\/vipnix.com.br\/site\/wp-json\/wp\/v2\/users\/1"}],"replies":[{"embeddable":true,"href":"https:\/\/vipnix.com.br\/site\/wp-json\/wp\/v2\/comments?post=126"}],"version-history":[{"count":8,"href":"https:\/\/vipnix.com.br\/site\/wp-json\/wp\/v2\/pages\/126\/revisions"}],"predecessor-version":[{"id":205,"href":"https:\/\/vipnix.com.br\/site\/wp-json\/wp\/v2\/pages\/126\/revisions\/205"}],"wp:attachment":[{"href":"https:\/\/vipnix.com.br\/site\/wp-json\/wp\/v2\/media?parent=126"}],"curies":[{"name":"wp","href":"https:\/\/api.w.org\/{rel}","templated":true}]}}