{"id":120,"date":"2022-04-07T07:13:54","date_gmt":"2022-04-07T10:13:54","guid":{"rendered":"https:\/\/vipnix.com.br\/site\/?page_id=120"},"modified":"2023-02-10T22:27:01","modified_gmt":"2023-02-11T01:27:01","slug":"recuperacao","status":"publish","type":"page","link":"https:\/\/vipnix.com.br\/site\/recuperacao\/","title":{"rendered":"Recupera\u00e7\u00e3o de desastres"},"content":{"rendered":"\n<p>Na Vipnix, entendemos que incidentes e desastres de sistemas podem ter impactos graves e duradouros na sua empresa. Por isso, oferecemos solu\u00e7\u00f5es robustas e confi\u00e1veis de recupera\u00e7\u00e3o de desastres, garantindo a continuidade dos neg\u00f3cios e protegendo seus dados importantes.<\/p>\n\n\n\n<p>Com nossa equipe altamente qualificada e experiente, podemos recuperar rapidamente seus sistemas em casos de falha de solu\u00e7\u00f5es de backup de terceiros. Al\u00e9m disso, utilizamos as \u00faltimas t\u00e9cnicas e tecnologias de recupera\u00e7\u00e3o para garantir a integridade e seguran\u00e7a de seus dados.<\/p>\n\n\n\n<p>Al\u00e9m disso, oferecemos um plano de conting\u00eancia completo para garantir que voc\u00ea esteja sempre preparado para lidar com poss\u00edveis desastres. Com nosso monitoramento constante e an\u00e1lise preditiva, podemos identificar potenciais problemas antes que eles aconte\u00e7am, minimizando o impacto de qualquer incidente.<\/p>\n\n\n\n<p>Em suma, ao optar pela Vipnix para recupera\u00e7\u00e3o de desastres, voc\u00ea pode ter a tranquilidade de saber que seus dados est\u00e3o seguros e que sua empresa est\u00e1 sempre preparada para lidar com qualquer desafio. N\u00e3o hesite em nos contactar para saber mais sobre como podemos ajud\u00e1-lo a proteger seus dados cr\u00edticos e garantir a continuidade de seus neg\u00f3cios.<\/p>\n","protected":false},"excerpt":{"rendered":"<p>Na Vipnix, entendemos que incidentes e desastres de sistemas podem ter impactos graves e duradouros na sua empresa. Por isso, oferecemos solu\u00e7\u00f5es robustas e confi\u00e1veis de recupera\u00e7\u00e3o de desastres, garantindo a continuidade dos neg\u00f3cios e protegendo seus dados importantes. Com nossa equipe altamente qualificada e experiente, podemos recuperar rapidamente seus sistemas em casos de falha [&hellip;]<\/p>\n","protected":false},"author":1,"featured_media":0,"parent":0,"menu_order":0,"comment_status":"closed","ping_status":"closed","template":"","meta":{"_monsterinsights_skip_tracking":false,"_monsterinsights_sitenote_active":false,"_monsterinsights_sitenote_note":"","_monsterinsights_sitenote_category":0,"_uf_show_specific_survey":0,"_uf_disable_surveys":false,"footnotes":""},"class_list":["post-120","page","type-page","status-publish","hentry"],"aioseo_notices":[],"_links":{"self":[{"href":"https:\/\/vipnix.com.br\/site\/wp-json\/wp\/v2\/pages\/120","targetHints":{"allow":["GET"]}}],"collection":[{"href":"https:\/\/vipnix.com.br\/site\/wp-json\/wp\/v2\/pages"}],"about":[{"href":"https:\/\/vipnix.com.br\/site\/wp-json\/wp\/v2\/types\/page"}],"author":[{"embeddable":true,"href":"https:\/\/vipnix.com.br\/site\/wp-json\/wp\/v2\/users\/1"}],"replies":[{"embeddable":true,"href":"https:\/\/vipnix.com.br\/site\/wp-json\/wp\/v2\/comments?post=120"}],"version-history":[{"count":2,"href":"https:\/\/vipnix.com.br\/site\/wp-json\/wp\/v2\/pages\/120\/revisions"}],"predecessor-version":[{"id":233,"href":"https:\/\/vipnix.com.br\/site\/wp-json\/wp\/v2\/pages\/120\/revisions\/233"}],"wp:attachment":[{"href":"https:\/\/vipnix.com.br\/site\/wp-json\/wp\/v2\/media?parent=120"}],"curies":[{"name":"wp","href":"https:\/\/api.w.org\/{rel}","templated":true}]}}