{"id":117,"date":"2022-04-07T07:11:55","date_gmt":"2022-04-07T10:11:55","guid":{"rendered":"https:\/\/vipnix.com.br\/site\/?page_id=117"},"modified":"2023-02-10T22:22:17","modified_gmt":"2023-02-11T01:22:17","slug":"migracao","status":"publish","type":"page","link":"https:\/\/vipnix.com.br\/site\/migracao\/","title":{"rendered":"Migra\u00e7\u00e3o de hardware"},"content":{"rendered":"\n<p>Em um cen\u00e1rio cada vez mais competitivo e exigente, \u00e9 fundamental manter sua infraestrutura tecnol\u00f3gica atualizada e segura. \u00c9 por isso que a Vipnix oferece uma solu\u00e7\u00e3o de migra\u00e7\u00e3o de sistemas que garante a moderniza\u00e7\u00e3o e a efici\u00eancia de sua infraestrutura, sem interrup\u00e7\u00f5es desnecess\u00e1rias para sua opera\u00e7\u00e3o.<\/p>\n\n\n\n<p>Nossa equipe de especialistas em migra\u00e7\u00e3o possui a capacidade de realizar a transi\u00e7\u00e3o de seus sistemas, sejam eles BareMetal para Bare Metal ou Bare Metal para Virtualiza\u00e7\u00e3o, com o m\u00ednimo de downtime poss\u00edvel. Al\u00e9m disso, a virtualiza\u00e7\u00e3o oferece vantagens adicionais, como:<\/p>\n\n\n\n<ul class=\"wp-block-list\">\n<li>Recupera\u00e7\u00e3o R\u00e1pida em Casos de Desastre: Em caso de desastres, como ataques de ransomware, a infraestrutura virtualizada permite uma recupera\u00e7\u00e3o mais r\u00e1pida e com menor tempo de inatividade, uma vez que as m\u00e1quinas virtuais podem ser restauradas rapidamente a partir de backups.<\/li>\n\n\n\n<li>Escalabilidade e Flexibilidade: A virtualiza\u00e7\u00e3o permite adicionar ou remover recursos de forma din\u00e2mica, sem a necessidade de adquirir novos equipamentos f\u00edsicos. Isso significa que sua infraestrutura pode ser ajustada de acordo com as mudan\u00e7as em suas necessidades de neg\u00f3cios.<\/li>\n\n\n\n<li>Otimiza\u00e7\u00e3o de Recursos: A virtualiza\u00e7\u00e3o ajuda a maximizar a performance de seus sistemas e a reduzir os custos de manuten\u00e7\u00e3o e opera\u00e7\u00e3o, gra\u00e7as \u00e0 utiliza\u00e7\u00e3o mais eficiente dos recursos de hardware.<\/li>\n<\/ul>\n\n\n\n<p>N\u00e3o perca mais tempo e permita que a Vipnix o ajude a modernizar sua infraestrutura tecnol\u00f3gica com nossa solu\u00e7\u00e3o de migra\u00e7\u00e3o de sistemas. Entre em contato conosco para saber mais e agendar uma avalia\u00e7\u00e3o. Estamos \u00e0 disposi\u00e7\u00e3o para atender \u00e0s suas necessidades e garantir a efici\u00eancia e a seguran\u00e7a de sua infraestrutura.<\/p>\n","protected":false},"excerpt":{"rendered":"<p>Em um cen\u00e1rio cada vez mais competitivo e exigente, \u00e9 fundamental manter sua infraestrutura tecnol\u00f3gica atualizada e segura. \u00c9 por isso que a Vipnix oferece uma solu\u00e7\u00e3o de migra\u00e7\u00e3o de sistemas que garante a moderniza\u00e7\u00e3o e a efici\u00eancia de sua infraestrutura, sem interrup\u00e7\u00f5es desnecess\u00e1rias para sua opera\u00e7\u00e3o. Nossa equipe de especialistas em migra\u00e7\u00e3o possui a [&hellip;]<\/p>\n","protected":false},"author":1,"featured_media":0,"parent":0,"menu_order":0,"comment_status":"closed","ping_status":"closed","template":"","meta":{"_monsterinsights_skip_tracking":false,"_monsterinsights_sitenote_active":false,"_monsterinsights_sitenote_note":"","_monsterinsights_sitenote_category":0,"_uf_show_specific_survey":0,"_uf_disable_surveys":false,"footnotes":""},"class_list":["post-117","page","type-page","status-publish","hentry"],"aioseo_notices":[],"_links":{"self":[{"href":"https:\/\/vipnix.com.br\/site\/wp-json\/wp\/v2\/pages\/117","targetHints":{"allow":["GET"]}}],"collection":[{"href":"https:\/\/vipnix.com.br\/site\/wp-json\/wp\/v2\/pages"}],"about":[{"href":"https:\/\/vipnix.com.br\/site\/wp-json\/wp\/v2\/types\/page"}],"author":[{"embeddable":true,"href":"https:\/\/vipnix.com.br\/site\/wp-json\/wp\/v2\/users\/1"}],"replies":[{"embeddable":true,"href":"https:\/\/vipnix.com.br\/site\/wp-json\/wp\/v2\/comments?post=117"}],"version-history":[{"count":2,"href":"https:\/\/vipnix.com.br\/site\/wp-json\/wp\/v2\/pages\/117\/revisions"}],"predecessor-version":[{"id":231,"href":"https:\/\/vipnix.com.br\/site\/wp-json\/wp\/v2\/pages\/117\/revisions\/231"}],"wp:attachment":[{"href":"https:\/\/vipnix.com.br\/site\/wp-json\/wp\/v2\/media?parent=117"}],"curies":[{"name":"wp","href":"https:\/\/api.w.org\/{rel}","templated":true}]}}