{"id":114,"date":"2022-04-07T07:08:57","date_gmt":"2022-04-07T10:08:57","guid":{"rendered":"https:\/\/vipnix.com.br\/site\/?page_id=114"},"modified":"2023-02-10T21:28:56","modified_gmt":"2023-02-11T00:28:56","slug":"analise","status":"publish","type":"page","link":"https:\/\/vipnix.com.br\/site\/analise\/","title":{"rendered":"An\u00e1lise de Performance e de Capacidade"},"content":{"rendered":"\n<p>A An\u00e1lise de Performance e de Capacidade \u00e9 a solu\u00e7\u00e3o ideal para quem quer evitar problemas de lentid\u00e3o e indisponibilidade em seus sistemas. Com esse servi\u00e7o, \u00e9 poss\u00edvel identificar pontos de melhoria e otimizar a performance de sua infraestrutura, garantindo a continuidade dos neg\u00f3cios. Al\u00e9m disso, com a An\u00e1lise de Performance e de Capacidade, \u00e9 poss\u00edvel identificar solu\u00e7\u00f5es personalizadas que podem ajudar a reduzir o custo total de opera\u00e7\u00e3o, o que \u00e9 uma grande vantagem para empresas de todos os tamanhos. Com o nosso time de especialistas em tecnologia, n\u00f3s garantimos um resultado eficiente para otimizar seus sistemas e aumentar a produtividade da sua empresa. Ent\u00e3o, se voc\u00ea quer ter a certeza de que seus sistemas est\u00e3o funcionando corretamente e sem interrup\u00e7\u00f5es, contrate hoje mesmo a An\u00e1lise de Performance e de Capacidade!<\/p>\n","protected":false},"excerpt":{"rendered":"<p>A An\u00e1lise de Performance e de Capacidade \u00e9 a solu\u00e7\u00e3o ideal para quem quer evitar problemas de lentid\u00e3o e indisponibilidade em seus sistemas. Com esse servi\u00e7o, \u00e9 poss\u00edvel identificar pontos de melhoria e otimizar a performance de sua infraestrutura, garantindo a continuidade dos neg\u00f3cios. Al\u00e9m disso, com a An\u00e1lise de Performance e de Capacidade, \u00e9 [&hellip;]<\/p>\n","protected":false},"author":1,"featured_media":0,"parent":0,"menu_order":0,"comment_status":"closed","ping_status":"closed","template":"","meta":{"_monsterinsights_skip_tracking":false,"_monsterinsights_sitenote_active":false,"_monsterinsights_sitenote_note":"","_monsterinsights_sitenote_category":0,"_uf_show_specific_survey":0,"_uf_disable_surveys":false,"footnotes":""},"class_list":["post-114","page","type-page","status-publish","hentry"],"aioseo_notices":[],"_links":{"self":[{"href":"https:\/\/vipnix.com.br\/site\/wp-json\/wp\/v2\/pages\/114","targetHints":{"allow":["GET"]}}],"collection":[{"href":"https:\/\/vipnix.com.br\/site\/wp-json\/wp\/v2\/pages"}],"about":[{"href":"https:\/\/vipnix.com.br\/site\/wp-json\/wp\/v2\/types\/page"}],"author":[{"embeddable":true,"href":"https:\/\/vipnix.com.br\/site\/wp-json\/wp\/v2\/users\/1"}],"replies":[{"embeddable":true,"href":"https:\/\/vipnix.com.br\/site\/wp-json\/wp\/v2\/comments?post=114"}],"version-history":[{"count":2,"href":"https:\/\/vipnix.com.br\/site\/wp-json\/wp\/v2\/pages\/114\/revisions"}],"predecessor-version":[{"id":221,"href":"https:\/\/vipnix.com.br\/site\/wp-json\/wp\/v2\/pages\/114\/revisions\/221"}],"wp:attachment":[{"href":"https:\/\/vipnix.com.br\/site\/wp-json\/wp\/v2\/media?parent=114"}],"curies":[{"name":"wp","href":"https:\/\/api.w.org\/{rel}","templated":true}]}}